{"id":1808,"date":"2022-06-07T10:31:44","date_gmt":"2022-06-07T13:31:44","guid":{"rendered":"https:\/\/we-bank.net\/nossas-doadoras\/sobre-a-vitrificacao-de-ovos\/"},"modified":"2023-01-17T12:30:57","modified_gmt":"2023-01-17T15:30:57","slug":"sobre-a-vitrificacao-de-ovos","status":"publish","type":"page","link":"https:\/\/we-bank.net\/pt-br\/nossas-doadoras\/sobre-a-vitrificacao-de-ovos\/","title":{"rendered":"Sobre  a vitrifica\u00e7\u00e3o de ovos"},"content":{"rendered":"\t\t<div data-elementor-type=\"wp-page\" data-elementor-id=\"1808\" class=\"elementor elementor-1808 elementor-1000\" data-elementor-post-type=\"page\">\n\t\t\t\t\t\t<section class=\"elementor-section elementor-top-section elementor-element elementor-element-68b8bf11 elementor-section-height-min-height elementor-reverse-mobile elementor-section-boxed elementor-section-height-default elementor-section-items-middle\" data-id=\"68b8bf11\" data-element_type=\"section\" id=\"hero-home\" data-settings=\"{&quot;background_background&quot;:&quot;classic&quot;}\">\n\t\t\t\t\t\t<div class=\"elementor-container elementor-column-gap-default\">\n\t\t\t\t\t<div class=\"elementor-column elementor-col-50 elementor-top-column elementor-element elementor-element-647fbb08\" data-id=\"647fbb08\" data-element_type=\"column\">\n\t\t\t<div class=\"elementor-widget-wrap elementor-element-populated\">\n\t\t\t\t\t\t<div class=\"elementor-element elementor-element-a148110 elementor-widget elementor-widget-heading\" data-id=\"a148110\" data-element_type=\"widget\" data-widget_type=\"heading.default\">\n\t\t\t\t<div class=\"elementor-widget-container\">\n\t\t\t\t\t<h1 class=\"elementor-heading-title elementor-size-default\">Sobre  a vitrifica\u00e7\u00e3o de \u00f3vulos<\/h1>\t\t\t\t<\/div>\n\t\t\t\t<\/div>\n\t\t\t\t<div class=\"elementor-element elementor-element-1c6552ca elementor-widget elementor-widget-text-editor\" data-id=\"1c6552ca\" data-element_type=\"widget\" data-widget_type=\"text-editor.default\">\n\t\t\t\t<div class=\"elementor-widget-container\">\n\t\t\t\t\t\t\t\t\tConhe\u00e7a o procedimento usado para conservar os \u00f3vulos. \t\t\t\t\t\t\t\t<\/div>\n\t\t\t\t<\/div>\n\t\t\t\t<div class=\"elementor-element elementor-element-fa32dcf elementor-mobile-align-center elementor-align-left elementor-widget elementor-widget-button\" data-id=\"fa32dcf\" data-element_type=\"widget\" data-widget_type=\"button.default\">\n\t\t\t\t<div class=\"elementor-widget-container\">\n\t\t\t\t\t\t\t\t\t<div class=\"elementor-button-wrapper\">\n\t\t\t\t\t<a class=\"elementor-button elementor-button-link elementor-size-sm\" href=\"#mas-informacion\">\n\t\t\t\t\t\t<span class=\"elementor-button-content-wrapper\">\n\t\t\t\t\t\t\t\t\t<span class=\"elementor-button-text\">Mais informa\u00e7\u00e3o<\/span>\n\t\t\t\t\t<\/span>\n\t\t\t\t\t<\/a>\n\t\t\t\t<\/div>\n\t\t\t\t\t\t\t\t<\/div>\n\t\t\t\t<\/div>\n\t\t\t\t\t<\/div>\n\t\t<\/div>\n\t\t\t\t<div class=\"elementor-column elementor-col-50 elementor-top-column elementor-element elementor-element-3a13f18e\" data-id=\"3a13f18e\" data-element_type=\"column\">\n\t\t\t<div class=\"elementor-widget-wrap elementor-element-populated\">\n\t\t\t\t\t\t<div class=\"elementor-element elementor-element-1837476c elementor-widget elementor-widget-spacer\" data-id=\"1837476c\" data-element_type=\"widget\" data-widget_type=\"spacer.default\">\n\t\t\t\t<div class=\"elementor-widget-container\">\n\t\t\t\t\t\t\t<div class=\"elementor-spacer\">\n\t\t\t<div class=\"elementor-spacer-inner\"><\/div>\n\t\t<\/div>\n\t\t\t\t\t\t<\/div>\n\t\t\t\t<\/div>\n\t\t\t\t\t<\/div>\n\t\t<\/div>\n\t\t\t\t\t<\/div>\n\t\t<\/section>\n\t\t\t\t<section class=\"elementor-section elementor-top-section elementor-element elementor-element-2b3c2789 bw-breadcrumb elementor-hidden-mobile elementor-section-boxed elementor-section-height-default elementor-section-height-default\" data-id=\"2b3c2789\" data-element_type=\"section\" data-settings=\"{&quot;background_background&quot;:&quot;gradient&quot;}\">\n\t\t\t\t\t\t<div class=\"elementor-container elementor-column-gap-default\">\n\t\t\t\t\t<div class=\"elementor-column elementor-col-100 elementor-top-column elementor-element elementor-element-21b26f9e\" data-id=\"21b26f9e\" data-element_type=\"column\">\n\t\t\t<div class=\"elementor-widget-wrap elementor-element-populated\">\n\t\t\t\t\t\t<div class=\"elementor-element elementor-element-1ddd373 elementor-widget elementor-widget-wp-widget-bcn_widget\" data-id=\"1ddd373\" data-element_type=\"widget\" data-widget_type=\"wp-widget-bcn_widget.default\">\n\t\t\t\t<div class=\"elementor-widget-container\">\n\t\t\t\t\t<div class=\"breadcrumbs\" vocab=\"https:\/\/schema.org\/\" typeof=\"BreadcrumbList\"><span property=\"itemListElement\" typeof=\"ListItem\"><a property=\"item\" typeof=\"WebPage\" title=\"Go to WeBank.\" href=\"https:\/\/we-bank.net\/pt-br\/\" class=\"home\" ><span property=\"name\">WeBank<\/span><\/a><meta property=\"position\" content=\"1\"><\/span> &gt; <span property=\"itemListElement\" typeof=\"ListItem\"><a property=\"item\" typeof=\"WebPage\" title=\"Go to Blog.\" href=\"https:\/\/we-bank.net\/pt-br\/blog\/\" class=\"post-root post post-post\" aria-current=\"page\"><span property=\"name\">Blog<\/span><\/a><meta property=\"position\" content=\"2\"><\/span><\/div>\t\t\t\t<\/div>\n\t\t\t\t<\/div>\n\t\t\t\t\t<\/div>\n\t\t<\/div>\n\t\t\t\t\t<\/div>\n\t\t<\/section>\n\t\t\t\t<section class=\"elementor-section elementor-top-section elementor-element elementor-element-7a2963e0 elementor-section-boxed elementor-section-height-default elementor-section-height-default\" data-id=\"7a2963e0\" data-element_type=\"section\" id=\"mas-informacion\" data-settings=\"{&quot;background_background&quot;:&quot;classic&quot;}\">\n\t\t\t\t\t\t<div class=\"elementor-container elementor-column-gap-default\">\n\t\t\t\t\t<div class=\"elementor-column elementor-col-100 elementor-top-column elementor-element elementor-element-3e309107\" data-id=\"3e309107\" data-element_type=\"column\">\n\t\t\t<div class=\"elementor-widget-wrap elementor-element-populated\">\n\t\t\t\t\t\t<div class=\"elementor-element elementor-element-46b8dcb elementor-widget elementor-widget-heading\" data-id=\"46b8dcb\" data-element_type=\"widget\" data-widget_type=\"heading.default\">\n\t\t\t\t<div class=\"elementor-widget-container\">\n\t\t\t\t\t<h2 class=\"elementor-heading-title elementor-size-default\">Vitrifica\u00e7\u00e3o de \u00f3vulos, conhe\u00e7a o procedimento<\/h2>\t\t\t\t<\/div>\n\t\t\t\t<\/div>\n\t\t\t\t<div class=\"elementor-element elementor-element-2d554d01 elementor-widget elementor-widget-text-editor\" data-id=\"2d554d01\" data-element_type=\"widget\" data-widget_type=\"text-editor.default\">\n\t\t\t\t<div class=\"elementor-widget-container\">\n\t\t\t\t\t\t\t\t\tEntender que a vitrifica\u00e7\u00e3o de ovos \u00e9 muito simples. \u00c9 um procedimento realizado em um laborat\u00f3rio e que serve como recurso nos tratamentos de reprodu\u00e7\u00e3o assistida.\t\t\t\t\t\t\t\t<\/div>\n\t\t\t\t<\/div>\n\t\t\t\t<section class=\"elementor-section elementor-inner-section elementor-element elementor-element-772ced9f elementor-section-boxed elementor-section-height-default elementor-section-height-default\" data-id=\"772ced9f\" data-element_type=\"section\">\n\t\t\t\t\t\t<div class=\"elementor-container elementor-column-gap-default\">\n\t\t\t\t\t<div class=\"elementor-column elementor-col-33 elementor-inner-column elementor-element elementor-element-9d310cb\" data-id=\"9d310cb\" data-element_type=\"column\">\n\t\t\t<div class=\"elementor-widget-wrap elementor-element-populated\">\n\t\t\t\t\t\t<div class=\"elementor-element elementor-element-5a79f38a elementor-widget elementor-widget-heading\" data-id=\"5a79f38a\" data-element_type=\"widget\" data-widget_type=\"heading.default\">\n\t\t\t\t<div class=\"elementor-widget-container\">\n\t\t\t\t\t<h3 class=\"elementor-heading-title elementor-size-default\">O que \u00e9 a vitrifica\u00e7\u00e3o de \u00f3vulos?<\/h3>\t\t\t\t<\/div>\n\t\t\t\t<\/div>\n\t\t\t\t<div class=\"elementor-element elementor-element-419f9153 elementor-widget elementor-widget-text-editor\" data-id=\"419f9153\" data-element_type=\"widget\" data-widget_type=\"text-editor.default\">\n\t\t\t\t<div class=\"elementor-widget-container\">\n\t\t\t\t\t\t\t\t\t<p>A vitrifica\u00e7\u00e3o de \u00f3vulos \u00e9 um processo essencial nos tratamentos como a ovo-doa\u00e7\u00e3o. Neste caso, os \u00f3vulos obtidos da doadora se conservam a -196\u00baC em vapor de nitrog\u00eanio ou nitrog\u00eanio l\u00edquido.<\/p><p>Sendo assim, a esta temperatura, os \u00f3vulos de nossas doadoras podem ser mantidos por tempo indeterminado, sem que a qualidade dos mesmos se veja afetada, gerando taxas de sucesso elevadas.<\/p>\t\t\t\t\t\t\t\t<\/div>\n\t\t\t\t<\/div>\n\t\t\t\t\t<\/div>\n\t\t<\/div>\n\t\t\t\t<div class=\"elementor-column elementor-col-33 elementor-inner-column elementor-element elementor-element-5951fe50\" data-id=\"5951fe50\" data-element_type=\"column\">\n\t\t\t<div class=\"elementor-widget-wrap elementor-element-populated\">\n\t\t\t\t\t\t<div class=\"elementor-element elementor-element-6dee01a7 elementor-widget elementor-widget-heading\" data-id=\"6dee01a7\" data-element_type=\"widget\" data-widget_type=\"heading.default\">\n\t\t\t\t<div class=\"elementor-widget-container\">\n\t\t\t\t\t<h3 class=\"elementor-heading-title elementor-size-default\">Como se conservam?<\/h3>\t\t\t\t<\/div>\n\t\t\t\t<\/div>\n\t\t\t\t<div class=\"elementor-element elementor-element-760876bb elementor-widget elementor-widget-text-editor\" data-id=\"760876bb\" data-element_type=\"widget\" data-widget_type=\"text-editor.default\">\n\t\t\t\t<div class=\"elementor-widget-container\">\n\t\t\t\t\t\t\t\t\t<p>O primeiro a se destacar \u00e9 que nossa equipe de embriologistas e t\u00e9cnicos est\u00e3o especificamente treinados para realizar a vitrifica\u00e7\u00e3o de ov\u00f3citos e embri\u00f5es.<\/p><p>No caso de \u00f3vulos, estes devem passar primeiro por um processo chamado \u201cdenuda\u00e7\u00e3o com hialuronidase\u201d no qual se limpam os ov\u00f3citos das c\u00e9lulas que os rodeiam e determina-se a maturidade dos mesmos. Logo, se selecionam os que estejam aptos e se preparam para a vitrifica\u00e7\u00e3o.<\/p><p>Por \u00faltimo, os \u00f3vulos obtidos se conservam em tanques especiais a -196\u00baC em nitrog\u00eanio l\u00edquido ou vapor de nitrog\u00eanio.<\/p>\t\t\t\t\t\t\t\t<\/div>\n\t\t\t\t<\/div>\n\t\t\t\t\t<\/div>\n\t\t<\/div>\n\t\t\t\t<div class=\"elementor-column elementor-col-33 elementor-inner-column elementor-element elementor-element-5c32502c\" data-id=\"5c32502c\" data-element_type=\"column\">\n\t\t\t<div class=\"elementor-widget-wrap elementor-element-populated\">\n\t\t\t\t\t\t<div class=\"elementor-element elementor-element-2582fcf3 elementor-widget elementor-widget-heading\" data-id=\"2582fcf3\" data-element_type=\"widget\" data-widget_type=\"heading.default\">\n\t\t\t\t<div class=\"elementor-widget-container\">\n\t\t\t\t\t<h3 class=\"elementor-heading-title elementor-size-default\">Por que congelar \u00f3vulos \u00e9 importante?<\/h3>\t\t\t\t<\/div>\n\t\t\t\t<\/div>\n\t\t\t\t<div class=\"elementor-element elementor-element-10be1388 elementor-widget elementor-widget-text-editor\" data-id=\"10be1388\" data-element_type=\"widget\" data-widget_type=\"text-editor.default\">\n\t\t\t\t<div class=\"elementor-widget-container\">\n\t\t\t\t\t\t\t\t\t<p>No <strong>WeBank<\/strong> colaboramos com cl\u00ednicas de Reprodu\u00e7\u00e3o Assistida que abrangem todos aqueles pacientes que se sentem preparados e com vontade de viver a experi\u00eancia de ser pais atrav\u00e9s do congelamento de embri\u00f5es.<\/p><p>Quando chegar este momento e se por algum motivo a concep\u00e7\u00e3o de uma gravidez n\u00e3o seja poss\u00edvel com os pr\u00f3prios gametas, se requer do apoio profissional de qualidade e do acesso a um banco de \u00f3vulos amplo, tal qual o oferecido pelo <strong>WeBank<\/strong>.<\/p><p>Te guiaremos em todos os momentos!<\/p>\t\t\t\t\t\t\t\t<\/div>\n\t\t\t\t<\/div>\n\t\t\t\t\t<\/div>\n\t\t<\/div>\n\t\t\t\t\t<\/div>\n\t\t<\/section>\n\t\t\t\t\t<\/div>\n\t\t<\/div>\n\t\t\t\t\t<\/div>\n\t\t<\/section>\n\t\t\t\t<\/div>\n\t\t","protected":false},"excerpt":{"rendered":"<p>Sobre a vitrifica\u00e7\u00e3o de \u00f3vulos Conhe\u00e7a o procedimento usado para conservar os \u00f3vulos. Mais informa\u00e7\u00e3o Vitrifica\u00e7\u00e3o de \u00f3vulos, conhe\u00e7a o procedimento Entender que a vitrifica\u00e7\u00e3o de ovos \u00e9 muito simples. \u00c9 um procedimento realizado em um laborat\u00f3rio e que serve como recurso nos tratamentos de reprodu\u00e7\u00e3o assistida. O que \u00e9 a vitrifica\u00e7\u00e3o de \u00f3vulos? A [&hellip;]<\/p>\n","protected":false},"author":474,"featured_media":0,"parent":1804,"menu_order":0,"comment_status":"closed","ping_status":"closed","template":"elementor_header_footer","meta":{"_joinchat":[],"footnotes":""},"class_list":["post-1808","page","type-page","status-publish","hentry"],"yoast_head":"<!-- This site is optimized with the Yoast SEO plugin v27.2 - https:\/\/yoast.com\/product\/yoast-seo-wordpress\/ -->\n<title>O que \u00e9 Vitrifica\u00e7\u00e3o de Ovos? | WeBank<\/title>\n<meta name=\"description\" content=\"Descubra em que consiste a vitrifica\u00e7\u00e3o e sua import\u00e2ncia em tratamentos como a doa\u00e7\u00e3o de \u00f3vulos. Tenha acesso ao nosso extenso banco de ovos.\" \/>\n<meta name=\"robots\" content=\"index, follow, max-snippet:-1, max-image-preview:large, max-video-preview:-1\" \/>\n<link rel=\"canonical\" href=\"https:\/\/we-bank.net\/nuestras-donantes\/vitrificacion-de-ovulos\/\" \/>\n<meta property=\"og:locale\" content=\"pt_BR\" \/>\n<meta property=\"og:type\" content=\"article\" \/>\n<meta property=\"og:title\" content=\"O que \u00e9 Vitrifica\u00e7\u00e3o de Ovos? | WeBank\" \/>\n<meta property=\"og:description\" content=\"Descubra em que consiste a vitrifica\u00e7\u00e3o e sua import\u00e2ncia em tratamentos como a doa\u00e7\u00e3o de \u00f3vulos. Tenha acesso ao nosso extenso banco de ovos.\" \/>\n<meta property=\"og:url\" content=\"https:\/\/we-bank.net\/nuestras-donantes\/vitrificacion-de-ovulos\/\" \/>\n<meta property=\"og:site_name\" content=\"WeBank\" \/>\n<meta property=\"article:modified_time\" content=\"2023-01-17T15:30:57+00:00\" \/>\n<meta name=\"twitter:card\" content=\"summary_large_image\" \/>\n<meta name=\"twitter:label1\" content=\"Est. tempo de leitura\" \/>\n\t<meta name=\"twitter:data1\" content=\"2 minutos\" \/>\n<!-- \/ Yoast SEO plugin. -->","yoast_head_json":{"title":"O que \u00e9 Vitrifica\u00e7\u00e3o de Ovos? | WeBank","description":"Descubra em que consiste a vitrifica\u00e7\u00e3o e sua import\u00e2ncia em tratamentos como a doa\u00e7\u00e3o de \u00f3vulos. Tenha acesso ao nosso extenso banco de ovos.","robots":{"index":"index","follow":"follow","max-snippet":"max-snippet:-1","max-image-preview":"max-image-preview:large","max-video-preview":"max-video-preview:-1"},"canonical":"https:\/\/we-bank.net\/nuestras-donantes\/vitrificacion-de-ovulos\/","og_locale":"pt_BR","og_type":"article","og_title":"O que \u00e9 Vitrifica\u00e7\u00e3o de Ovos? | WeBank","og_description":"Descubra em que consiste a vitrifica\u00e7\u00e3o e sua import\u00e2ncia em tratamentos como a doa\u00e7\u00e3o de \u00f3vulos. Tenha acesso ao nosso extenso banco de ovos.","og_url":"https:\/\/we-bank.net\/nuestras-donantes\/vitrificacion-de-ovulos\/","og_site_name":"WeBank","article_modified_time":"2023-01-17T15:30:57+00:00","twitter_card":"summary_large_image","twitter_misc":{"Est. tempo de leitura":"2 minutos"},"schema":{"@context":"https:\/\/schema.org","@graph":[{"@type":"WebPage","@id":"https:\/\/we-bank.net\/nuestras-donantes\/vitrificacion-de-ovulos\/","url":"https:\/\/we-bank.net\/nuestras-donantes\/vitrificacion-de-ovulos\/","name":"O que \u00e9 Vitrifica\u00e7\u00e3o de Ovos? | WeBank","isPartOf":{"@id":"https:\/\/we-bank.net\/#website"},"datePublished":"2022-06-07T13:31:44+00:00","dateModified":"2023-01-17T15:30:57+00:00","description":"Descubra em que consiste a vitrifica\u00e7\u00e3o e sua import\u00e2ncia em tratamentos como a doa\u00e7\u00e3o de \u00f3vulos. Tenha acesso ao nosso extenso banco de ovos.","breadcrumb":{"@id":"https:\/\/we-bank.net\/nuestras-donantes\/vitrificacion-de-ovulos\/#breadcrumb"},"inLanguage":"pt-BR","potentialAction":[{"@type":"ReadAction","target":["https:\/\/we-bank.net\/nuestras-donantes\/vitrificacion-de-ovulos\/"]}]},{"@type":"BreadcrumbList","@id":"https:\/\/we-bank.net\/nuestras-donantes\/vitrificacion-de-ovulos\/#breadcrumb","itemListElement":[{"@type":"ListItem","position":1,"name":"Portada","item":"https:\/\/we-bank.net\/"},{"@type":"ListItem","position":2,"name":"Nossas doadoras","item":"https:\/\/we-bank.net\/nuestras-donantes\/"},{"@type":"ListItem","position":3,"name":"Sobre a vitrifica\u00e7\u00e3o de ovos"}]},{"@type":"WebSite","@id":"https:\/\/we-bank.net\/#website","url":"https:\/\/we-bank.net\/","name":"WeBank","description":"","publisher":{"@id":"https:\/\/we-bank.net\/#organization"},"potentialAction":[{"@type":"SearchAction","target":{"@type":"EntryPoint","urlTemplate":"https:\/\/we-bank.net\/?s={search_term_string}"},"query-input":{"@type":"PropertyValueSpecification","valueRequired":true,"valueName":"search_term_string"}}],"inLanguage":"pt-BR"},{"@type":"Organization","@id":"https:\/\/we-bank.net\/#organization","name":"WeBank","url":"https:\/\/we-bank.net\/","logo":{"@type":"ImageObject","inLanguage":"pt-BR","@id":"https:\/\/we-bank.net\/#\/schema\/logo\/image\/","url":"https:\/\/we-bank.net\/wp-content\/uploads\/2022\/02\/logo.png","contentUrl":"https:\/\/we-bank.net\/wp-content\/uploads\/2022\/02\/logo.png","width":314,"height":66,"caption":"WeBank"},"image":{"@id":"https:\/\/we-bank.net\/#\/schema\/logo\/image\/"}}]}},"_links":{"self":[{"href":"https:\/\/we-bank.net\/pt-br\/wp-json\/wp\/v2\/pages\/1808","targetHints":{"allow":["GET"]}}],"collection":[{"href":"https:\/\/we-bank.net\/pt-br\/wp-json\/wp\/v2\/pages"}],"about":[{"href":"https:\/\/we-bank.net\/pt-br\/wp-json\/wp\/v2\/types\/page"}],"author":[{"embeddable":true,"href":"https:\/\/we-bank.net\/pt-br\/wp-json\/wp\/v2\/users\/474"}],"replies":[{"embeddable":true,"href":"https:\/\/we-bank.net\/pt-br\/wp-json\/wp\/v2\/comments?post=1808"}],"version-history":[{"count":0,"href":"https:\/\/we-bank.net\/pt-br\/wp-json\/wp\/v2\/pages\/1808\/revisions"}],"up":[{"embeddable":true,"href":"https:\/\/we-bank.net\/pt-br\/wp-json\/wp\/v2\/pages\/1804"}],"wp:attachment":[{"href":"https:\/\/we-bank.net\/pt-br\/wp-json\/wp\/v2\/media?parent=1808"}],"curies":[{"name":"wp","href":"https:\/\/api.w.org\/{rel}","templated":true}]}}