{"id":1810,"date":"2022-06-21T16:01:38","date_gmt":"2022-06-21T19:01:38","guid":{"rendered":"https:\/\/we-bank.net\/nossas-doadoras\/estudo-genetico\/"},"modified":"2023-12-04T15:55:54","modified_gmt":"2023-12-04T18:55:54","slug":"estudo-genetico","status":"publish","type":"page","link":"https:\/\/we-bank.net\/pt-br\/nossas-doadoras\/estudo-genetico\/","title":{"rendered":"Estudo gen\u00e9tico"},"content":{"rendered":"\t\t<div data-elementor-type=\"wp-page\" data-elementor-id=\"1810\" class=\"elementor elementor-1810 elementor-1050\" data-elementor-post-type=\"page\">\n\t\t\t\t\t\t<section class=\"elementor-section elementor-top-section elementor-element elementor-element-2eea8979 elementor-section-height-min-height elementor-reverse-mobile elementor-section-boxed elementor-section-height-default elementor-section-items-middle\" data-id=\"2eea8979\" data-element_type=\"section\" id=\"hero-home\" data-settings=\"{&quot;background_background&quot;:&quot;classic&quot;}\">\n\t\t\t\t\t\t<div class=\"elementor-container elementor-column-gap-default\">\n\t\t\t\t\t<div class=\"elementor-column elementor-col-50 elementor-top-column elementor-element elementor-element-18156141\" data-id=\"18156141\" data-element_type=\"column\">\n\t\t\t<div class=\"elementor-widget-wrap elementor-element-populated\">\n\t\t\t\t\t\t<div class=\"elementor-element elementor-element-11f708c0 elementor-widget elementor-widget-heading\" data-id=\"11f708c0\" data-element_type=\"widget\" data-widget_type=\"heading.default\">\n\t\t\t\t<div class=\"elementor-widget-container\">\n\t\t\t\t\t<h1 class=\"elementor-heading-title elementor-size-default\">Estudo gen\u00e9tico<\/h1>\t\t\t\t<\/div>\n\t\t\t\t<\/div>\n\t\t\t\t<div class=\"elementor-element elementor-element-6b75be37 elementor-widget elementor-widget-text-editor\" data-id=\"6b75be37\" data-element_type=\"widget\" data-widget_type=\"text-editor.default\">\n\t\t\t\t<div class=\"elementor-widget-container\">\n\t\t\t\t\t\t\t\t\tPor que o estudo gen\u00e9tico \u00e9 realizado? Descubra a import\u00e2ncia deste tipo de an\u00e1lise. \t\t\t\t\t\t\t\t<\/div>\n\t\t\t\t<\/div>\n\t\t\t\t<div class=\"elementor-element elementor-element-17df1d1 elementor-mobile-align-center elementor-align-left elementor-widget elementor-widget-button\" data-id=\"17df1d1\" data-element_type=\"widget\" data-widget_type=\"button.default\">\n\t\t\t\t<div class=\"elementor-widget-container\">\n\t\t\t\t\t\t\t\t\t<div class=\"elementor-button-wrapper\">\n\t\t\t\t\t<a class=\"elementor-button elementor-button-link elementor-size-sm\" href=\"#mas-informacion\">\n\t\t\t\t\t\t<span class=\"elementor-button-content-wrapper\">\n\t\t\t\t\t\t\t\t\t<span class=\"elementor-button-text\">Mais informa\u00e7\u00e3o<\/span>\n\t\t\t\t\t<\/span>\n\t\t\t\t\t<\/a>\n\t\t\t\t<\/div>\n\t\t\t\t\t\t\t\t<\/div>\n\t\t\t\t<\/div>\n\t\t\t\t\t<\/div>\n\t\t<\/div>\n\t\t\t\t<div class=\"elementor-column elementor-col-50 elementor-top-column elementor-element elementor-element-ce674ea\" data-id=\"ce674ea\" data-element_type=\"column\">\n\t\t\t<div class=\"elementor-widget-wrap elementor-element-populated\">\n\t\t\t\t\t\t<div class=\"elementor-element elementor-element-18d9d333 elementor-widget elementor-widget-spacer\" data-id=\"18d9d333\" data-element_type=\"widget\" data-widget_type=\"spacer.default\">\n\t\t\t\t<div class=\"elementor-widget-container\">\n\t\t\t\t\t\t\t<div class=\"elementor-spacer\">\n\t\t\t<div class=\"elementor-spacer-inner\"><\/div>\n\t\t<\/div>\n\t\t\t\t\t\t<\/div>\n\t\t\t\t<\/div>\n\t\t\t\t\t<\/div>\n\t\t<\/div>\n\t\t\t\t\t<\/div>\n\t\t<\/section>\n\t\t\t\t<section class=\"elementor-section elementor-top-section elementor-element elementor-element-3c2661f6 bw-breadcrumb elementor-hidden-mobile elementor-section-boxed elementor-section-height-default elementor-section-height-default\" data-id=\"3c2661f6\" data-element_type=\"section\" data-settings=\"{&quot;background_background&quot;:&quot;gradient&quot;}\">\n\t\t\t\t\t\t<div class=\"elementor-container elementor-column-gap-default\">\n\t\t\t\t\t<div class=\"elementor-column elementor-col-100 elementor-top-column elementor-element elementor-element-c5e82af\" data-id=\"c5e82af\" data-element_type=\"column\">\n\t\t\t<div class=\"elementor-widget-wrap elementor-element-populated\">\n\t\t\t\t\t\t<div class=\"elementor-element elementor-element-6ebc16ef elementor-widget elementor-widget-wp-widget-bcn_widget\" data-id=\"6ebc16ef\" data-element_type=\"widget\" data-widget_type=\"wp-widget-bcn_widget.default\">\n\t\t\t\t<div class=\"elementor-widget-container\">\n\t\t\t\t\t<div class=\"breadcrumbs\" vocab=\"https:\/\/schema.org\/\" typeof=\"BreadcrumbList\"><span property=\"itemListElement\" typeof=\"ListItem\"><a property=\"item\" typeof=\"WebPage\" title=\"Go to WeBank.\" href=\"https:\/\/we-bank.net\/pt-br\/\" class=\"home\" ><span property=\"name\">WeBank<\/span><\/a><meta property=\"position\" content=\"1\"><\/span> &gt; <span property=\"itemListElement\" typeof=\"ListItem\"><a property=\"item\" typeof=\"WebPage\" title=\"Go to Blog.\" href=\"https:\/\/we-bank.net\/pt-br\/blog\/\" class=\"post-root post post-post\" aria-current=\"page\"><span property=\"name\">Blog<\/span><\/a><meta property=\"position\" content=\"2\"><\/span><\/div>\t\t\t\t<\/div>\n\t\t\t\t<\/div>\n\t\t\t\t\t<\/div>\n\t\t<\/div>\n\t\t\t\t\t<\/div>\n\t\t<\/section>\n\t\t\t\t<section class=\"elementor-section elementor-top-section elementor-element elementor-element-727daad5 elementor-section-boxed elementor-section-height-default elementor-section-height-default\" data-id=\"727daad5\" data-element_type=\"section\" id=\"mas-informacion\" data-settings=\"{&quot;background_background&quot;:&quot;classic&quot;}\">\n\t\t\t\t\t\t<div class=\"elementor-container elementor-column-gap-default\">\n\t\t\t\t\t<div class=\"elementor-column elementor-col-100 elementor-top-column elementor-element elementor-element-1e531249\" data-id=\"1e531249\" data-element_type=\"column\">\n\t\t\t<div class=\"elementor-widget-wrap elementor-element-populated\">\n\t\t\t\t\t\t<div class=\"elementor-element elementor-element-14596c58 elementor-widget elementor-widget-heading\" data-id=\"14596c58\" data-element_type=\"widget\" data-widget_type=\"heading.default\">\n\t\t\t\t<div class=\"elementor-widget-container\">\n\t\t\t\t\t<h2 class=\"elementor-heading-title elementor-size-default\">O que \u00e9 a compatibilidade gen\u00e9tica?<\/h2>\t\t\t\t<\/div>\n\t\t\t\t<\/div>\n\t\t\t\t<div class=\"elementor-element elementor-element-724173ba elementor-widget elementor-widget-text-editor\" data-id=\"724173ba\" data-element_type=\"widget\" data-widget_type=\"text-editor.default\">\n\t\t\t\t<div class=\"elementor-widget-container\">\n\t\t\t\t\t\t\t\t\tEntender o que \u00e9 a compatibilidade gen\u00e9tica \u00e9 fundamental no planejamento familiar e antes da busca de uma gravidez. Se trata de uma avalia\u00e7\u00e3o essencial na ovodoa\u00e7\u00e3o, visto que permitir\u00e1 identificar muta\u00e7\u00f5es gen\u00e9ticas na doadora de \u00f3vulos e assim detectar se existe alguma muta\u00e7\u00e3o em comum com quem contribui com o s\u00eamen. \t\t\t\t\t\t\t\t<\/div>\n\t\t\t\t<\/div>\n\t\t\t\t<div class=\"elementor-element elementor-element-0cb3b1a elementor-widget elementor-widget-heading\" data-id=\"0cb3b1a\" data-element_type=\"widget\" data-widget_type=\"heading.default\">\n\t\t\t\t<div class=\"elementor-widget-container\">\n\t\t\t\t\t<h2 class=\"elementor-heading-title elementor-size-default\">Por que \u00e9 importante a compatibilidade gen\u00e9tica? <\/h2>\t\t\t\t<\/div>\n\t\t\t\t<\/div>\n\t\t\t\t<div class=\"elementor-element elementor-element-fa386b3 elementor-widget elementor-widget-text-editor\" data-id=\"fa386b3\" data-element_type=\"widget\" data-widget_type=\"text-editor.default\">\n\t\t\t\t<div class=\"elementor-widget-container\">\n\t\t\t\t\t\t\t\t\tA compatibilidade gen\u00e9tica significa que a doadora de \u00f3vulos e o fornecedor do s\u00eamen n\u00e3o s\u00e3o portadores da mesma muta\u00e7\u00e3o. \u00c9 importante verificar isso j\u00e1  que se ambos doadores t\u00eam a mesma muta\u00e7\u00e3o em um mesmo gene, a probabilidade de ter um beb\u00ea com algum tipo de doen\u00e7a \u00e9 de 25%. Para evitar isso, podemos realizar um exame de compatibilidade gen\u00e9tica que identifica essas muta\u00e7\u00f5es e assim prevenir que se juntem \u00f3vulos e espermatozoides provenientes de doadores com muta\u00e7\u00f5es em comum.\r\n\t\t\t\t\t\t\t\t<\/div>\n\t\t\t\t<\/div>\n\t\t\t\t<section class=\"elementor-section elementor-inner-section elementor-element elementor-element-1f7cf8ae elementor-section-boxed elementor-section-height-default elementor-section-height-default\" data-id=\"1f7cf8ae\" data-element_type=\"section\">\n\t\t\t\t\t\t<div class=\"elementor-container elementor-column-gap-default\">\n\t\t\t\t\t<div class=\"elementor-column elementor-col-33 elementor-inner-column elementor-element elementor-element-662acdd1\" data-id=\"662acdd1\" data-element_type=\"column\">\n\t\t\t<div class=\"elementor-widget-wrap elementor-element-populated\">\n\t\t\t\t\t\t<div class=\"elementor-element elementor-element-74d0565f elementor-widget elementor-widget-text-editor\" data-id=\"74d0565f\" data-element_type=\"widget\" data-widget_type=\"text-editor.default\">\n\t\t\t\t<div class=\"elementor-widget-container\">\n\t\t\t\t\t\t\t\t\t<h3>Exame de compatibilidade gen\u00e9tica<\/h3><p>O Exame de compatibilidade gen\u00e9tica se realiza para identificar se existe compatibilidade entre o genoma do \u00f3vulo e do espermatozoide. O objetivo \u00e9 n\u00e3o transmitir uma doen\u00e7a gen\u00e9tica heredit\u00e1ria ao beb\u00ea.<\/p><p>Isso se investiga atrav\u00e9s da realiza\u00e7\u00e3o de uma an\u00e1lise do DNA de uma pessoa, com o qual se busca saber se ela \u00e9 portadora de certas muta\u00e7\u00f5es nos genes. Por essas raz\u00f5es, o estudo de gen\u00e9tica reprodutiva destina-se \u00e0s doadoras e ao companheiro da receptora do \u00f3vulo ou doador de s\u00eamen.<\/p>\t\t\t\t\t\t\t\t<\/div>\n\t\t\t\t<\/div>\n\t\t\t\t\t<\/div>\n\t\t<\/div>\n\t\t\t\t<div class=\"elementor-column elementor-col-33 elementor-inner-column elementor-element elementor-element-22f2035d\" data-id=\"22f2035d\" data-element_type=\"column\">\n\t\t\t<div class=\"elementor-widget-wrap elementor-element-populated\">\n\t\t\t\t\t\t<div class=\"elementor-element elementor-element-7710a914 elementor-widget elementor-widget-text-editor\" data-id=\"7710a914\" data-element_type=\"widget\" data-widget_type=\"text-editor.default\">\n\t\t\t\t<div class=\"elementor-widget-container\">\n\t\t\t\t\t\t\t\t\t<h3>Por que fazer um exame de compatibilidade gen\u00e9tica?<\/h3><p>As muta\u00e7\u00f5es nos genes s\u00e3o as respons\u00e1veis e\/ou principais causas de doen\u00e7as gen\u00e9ticas de diferentes graus de complexidade. De fato, 82% dos indiv\u00edduos s\u00e3o portadores de ao menos uma muta\u00e7\u00e3o gen\u00e9tica.<\/p><p>Quando ambos os doadores de gametas compartilham a mesma muta\u00e7\u00e3o, a possibilidade de que o beb\u00ea desenvolva alguma doen\u00e7a \u00e9 de 25%. Raz\u00e3o suficiente para mostrar o porqu\u00ea \u00e9 importante fazer um check up gen\u00e9tico antes de iniciar um tratamento de fecunda\u00e7\u00e3o assistida.<\/p><p>Al\u00e9m disso, o CGT \u00e9 o m\u00e9todo mais eficaz para evitar que se transmitam doen\u00e7as heredit\u00e1rias.<\/p>\t\t\t\t\t\t\t\t<\/div>\n\t\t\t\t<\/div>\n\t\t\t\t\t<\/div>\n\t\t<\/div>\n\t\t\t\t<div class=\"elementor-column elementor-col-33 elementor-inner-column elementor-element elementor-element-23801f07\" data-id=\"23801f07\" data-element_type=\"column\">\n\t\t\t<div class=\"elementor-widget-wrap elementor-element-populated\">\n\t\t\t\t\t\t<div class=\"elementor-element elementor-element-3baf27c3 elementor-widget elementor-widget-text-editor\" data-id=\"3baf27c3\" data-element_type=\"widget\" data-widget_type=\"text-editor.default\">\n\t\t\t\t<div class=\"elementor-widget-container\">\n\t\t\t\t\t\t\t\t\t<h3>Qu\u00e3o eficaz \u00e9 o exame?<\/h3><p>O exame de compatibilidade gen\u00e9tica \u00e9 muito eficiente, porque demonstra ou confirma que n\u00e3o h\u00e1 risco de que o futuro beb\u00ea pade\u00e7a de alguma doen\u00e7as heredit\u00e1rias associada \u00e0 muta\u00e7\u00e3o de genes.<\/p><p>Para ser mais preciso, com este exame se estudam 1.900 genes envolvidos em 2.200 doen\u00e7as. E o mais importante sobre este tipo de estudos \u00e9 que se realizam muito antes de que o \u00f3vulo seja fertilizado e que o embri\u00e3o resultante seja transferido ao \u00fatero materno.<\/p>\t\t\t\t\t\t\t\t<\/div>\n\t\t\t\t<\/div>\n\t\t\t\t\t<\/div>\n\t\t<\/div>\n\t\t\t\t\t<\/div>\n\t\t<\/section>\n\t\t\t\t\t<\/div>\n\t\t<\/div>\n\t\t\t\t\t<\/div>\n\t\t<\/section>\n\t\t\t\t<\/div>\n\t\t","protected":false},"excerpt":{"rendered":"<p>Estudo gen\u00e9tico Por que o estudo gen\u00e9tico \u00e9 realizado? Descubra a import\u00e2ncia deste tipo de an\u00e1lise. Mais informa\u00e7\u00e3o O que \u00e9 a compatibilidade gen\u00e9tica? Entender o que \u00e9 a compatibilidade gen\u00e9tica \u00e9 fundamental no planejamento familiar e antes da busca de uma gravidez. Se trata de uma avalia\u00e7\u00e3o essencial na ovodoa\u00e7\u00e3o, visto que permitir\u00e1 identificar [&hellip;]<\/p>\n","protected":false},"author":474,"featured_media":0,"parent":1804,"menu_order":0,"comment_status":"closed","ping_status":"closed","template":"elementor_header_footer","meta":{"_joinchat":[],"footnotes":""},"class_list":["post-1810","page","type-page","status-publish","hentry"],"yoast_head":"<!-- This site is optimized with the Yoast SEO plugin v27.2 - https:\/\/yoast.com\/product\/yoast-seo-wordpress\/ -->\n<title>Estudo de Compatibilidade Gen\u00e9tica | WeBank<\/title>\n<meta name=\"description\" content=\"Realizamos este teste para identificar muta\u00e7\u00f5es gen\u00e9ticas comuns entre o doador de \u00f3vulos e o fornecedor de s\u00eamen. Saiba aqui porque \u00e9 vital.\" \/>\n<meta name=\"robots\" content=\"index, follow, max-snippet:-1, max-image-preview:large, max-video-preview:-1\" \/>\n<link rel=\"canonical\" href=\"https:\/\/we-bank.net\/nuestras-donantes\/estudio-genetico\/\" \/>\n<meta property=\"og:locale\" content=\"pt_BR\" \/>\n<meta property=\"og:type\" content=\"article\" \/>\n<meta property=\"og:title\" content=\"Estudo de Compatibilidade Gen\u00e9tica | WeBank\" \/>\n<meta property=\"og:description\" content=\"Realizamos este teste para identificar muta\u00e7\u00f5es gen\u00e9ticas comuns entre o doador de \u00f3vulos e o fornecedor de s\u00eamen. Saiba aqui porque \u00e9 vital.\" \/>\n<meta property=\"og:url\" content=\"https:\/\/we-bank.net\/nuestras-donantes\/estudio-genetico\/\" \/>\n<meta property=\"og:site_name\" content=\"WeBank\" \/>\n<meta property=\"article:modified_time\" content=\"2023-12-04T18:55:54+00:00\" \/>\n<meta name=\"twitter:card\" content=\"summary_large_image\" \/>\n<meta name=\"twitter:label1\" content=\"Est. tempo de leitura\" \/>\n\t<meta name=\"twitter:data1\" content=\"3 minutos\" \/>\n<!-- \/ Yoast SEO plugin. -->","yoast_head_json":{"title":"Estudo de Compatibilidade Gen\u00e9tica | WeBank","description":"Realizamos este teste para identificar muta\u00e7\u00f5es gen\u00e9ticas comuns entre o doador de \u00f3vulos e o fornecedor de s\u00eamen. Saiba aqui porque \u00e9 vital.","robots":{"index":"index","follow":"follow","max-snippet":"max-snippet:-1","max-image-preview":"max-image-preview:large","max-video-preview":"max-video-preview:-1"},"canonical":"https:\/\/we-bank.net\/nuestras-donantes\/estudio-genetico\/","og_locale":"pt_BR","og_type":"article","og_title":"Estudo de Compatibilidade Gen\u00e9tica | WeBank","og_description":"Realizamos este teste para identificar muta\u00e7\u00f5es gen\u00e9ticas comuns entre o doador de \u00f3vulos e o fornecedor de s\u00eamen. Saiba aqui porque \u00e9 vital.","og_url":"https:\/\/we-bank.net\/nuestras-donantes\/estudio-genetico\/","og_site_name":"WeBank","article_modified_time":"2023-12-04T18:55:54+00:00","twitter_card":"summary_large_image","twitter_misc":{"Est. tempo de leitura":"3 minutos"},"schema":{"@context":"https:\/\/schema.org","@graph":[{"@type":"WebPage","@id":"https:\/\/we-bank.net\/nuestras-donantes\/estudio-genetico\/","url":"https:\/\/we-bank.net\/nuestras-donantes\/estudio-genetico\/","name":"Estudo de Compatibilidade Gen\u00e9tica | WeBank","isPartOf":{"@id":"https:\/\/we-bank.net\/#website"},"datePublished":"2022-06-21T19:01:38+00:00","dateModified":"2023-12-04T18:55:54+00:00","description":"Realizamos este teste para identificar muta\u00e7\u00f5es gen\u00e9ticas comuns entre o doador de \u00f3vulos e o fornecedor de s\u00eamen. Saiba aqui porque \u00e9 vital.","breadcrumb":{"@id":"https:\/\/we-bank.net\/nuestras-donantes\/estudio-genetico\/#breadcrumb"},"inLanguage":"pt-BR","potentialAction":[{"@type":"ReadAction","target":["https:\/\/we-bank.net\/nuestras-donantes\/estudio-genetico\/"]}]},{"@type":"BreadcrumbList","@id":"https:\/\/we-bank.net\/nuestras-donantes\/estudio-genetico\/#breadcrumb","itemListElement":[{"@type":"ListItem","position":1,"name":"Portada","item":"https:\/\/we-bank.net\/"},{"@type":"ListItem","position":2,"name":"Nossas doadoras","item":"https:\/\/we-bank.net\/nuestras-donantes\/"},{"@type":"ListItem","position":3,"name":"Estudo gen\u00e9tico"}]},{"@type":"WebSite","@id":"https:\/\/we-bank.net\/#website","url":"https:\/\/we-bank.net\/","name":"WeBank","description":"","publisher":{"@id":"https:\/\/we-bank.net\/#organization"},"potentialAction":[{"@type":"SearchAction","target":{"@type":"EntryPoint","urlTemplate":"https:\/\/we-bank.net\/?s={search_term_string}"},"query-input":{"@type":"PropertyValueSpecification","valueRequired":true,"valueName":"search_term_string"}}],"inLanguage":"pt-BR"},{"@type":"Organization","@id":"https:\/\/we-bank.net\/#organization","name":"WeBank","url":"https:\/\/we-bank.net\/","logo":{"@type":"ImageObject","inLanguage":"pt-BR","@id":"https:\/\/we-bank.net\/#\/schema\/logo\/image\/","url":"https:\/\/we-bank.net\/wp-content\/uploads\/2022\/02\/logo.png","contentUrl":"https:\/\/we-bank.net\/wp-content\/uploads\/2022\/02\/logo.png","width":314,"height":66,"caption":"WeBank"},"image":{"@id":"https:\/\/we-bank.net\/#\/schema\/logo\/image\/"}}]}},"_links":{"self":[{"href":"https:\/\/we-bank.net\/pt-br\/wp-json\/wp\/v2\/pages\/1810","targetHints":{"allow":["GET"]}}],"collection":[{"href":"https:\/\/we-bank.net\/pt-br\/wp-json\/wp\/v2\/pages"}],"about":[{"href":"https:\/\/we-bank.net\/pt-br\/wp-json\/wp\/v2\/types\/page"}],"author":[{"embeddable":true,"href":"https:\/\/we-bank.net\/pt-br\/wp-json\/wp\/v2\/users\/474"}],"replies":[{"embeddable":true,"href":"https:\/\/we-bank.net\/pt-br\/wp-json\/wp\/v2\/comments?post=1810"}],"version-history":[{"count":0,"href":"https:\/\/we-bank.net\/pt-br\/wp-json\/wp\/v2\/pages\/1810\/revisions"}],"up":[{"embeddable":true,"href":"https:\/\/we-bank.net\/pt-br\/wp-json\/wp\/v2\/pages\/1804"}],"wp:attachment":[{"href":"https:\/\/we-bank.net\/pt-br\/wp-json\/wp\/v2\/media?parent=1810"}],"curies":[{"name":"wp","href":"https:\/\/api.w.org\/{rel}","templated":true}]}}