{"id":1812,"date":"2022-07-01T15:05:32","date_gmt":"2022-07-01T18:05:32","guid":{"rendered":"https:\/\/we-bank.net\/aviso-legal\/"},"modified":"2026-04-22T15:07:35","modified_gmt":"2026-04-22T18:07:35","slug":"aviso-legal","status":"publish","type":"page","link":"https:\/\/we-bank.net\/pt-br\/aviso-legal\/","title":{"rendered":"Aviso Legal"},"content":{"rendered":"\t\t<div data-elementor-type=\"wp-page\" data-elementor-id=\"1812\" class=\"elementor elementor-1812 elementor-1257\" data-elementor-post-type=\"page\">\n\t\t\t\t\t\t<section class=\"elementor-section elementor-top-section elementor-element elementor-element-8326d0c elementor-section-boxed elementor-section-height-default elementor-section-height-default\" data-id=\"8326d0c\" data-element_type=\"section\">\n\t\t\t\t\t\t<div class=\"elementor-container elementor-column-gap-default\">\n\t\t\t\t\t<div class=\"elementor-column elementor-col-100 elementor-top-column elementor-element elementor-element-437602c\" data-id=\"437602c\" data-element_type=\"column\">\n\t\t\t<div class=\"elementor-widget-wrap elementor-element-populated\">\n\t\t\t\t\t\t<div class=\"elementor-element elementor-element-f56e4ac elementor-widget elementor-widget-heading\" data-id=\"f56e4ac\" data-element_type=\"widget\" data-widget_type=\"heading.default\">\n\t\t\t\t<div class=\"elementor-widget-container\">\n\t\t\t\t\t<h1 class=\"elementor-heading-title elementor-size-default\">Aviso Legal<\/h1>\t\t\t\t<\/div>\n\t\t\t\t<\/div>\n\t\t\t\t<div class=\"elementor-element elementor-element-be12d2c elementor-widget elementor-widget-text-editor\" data-id=\"be12d2c\" data-element_type=\"widget\" data-widget_type=\"text-editor.default\">\n\t\t\t\t<div class=\"elementor-widget-container\">\n\t\t\t\t\t\t\t\t\t<p>A p\u00e1gina web do Instituto Valenciano de Infertilidade\u2013 IVI, Buenos Aires, Argentina, \u2013(a partir de agora, \u201co site\u201d) \u00e9 propriedade de IVI Buenos Aires S.A. (por diante, \u201cIVI\u201d) com endere\u00e7o na Av. Del Libertador 5968, PB, Cidade de Buenos Aires, Argentina.<\/p>\n<p>IVI p\u00f5e \u00e0 sua disposi\u00e7\u00e3o a informa\u00e7\u00e3o sobre suas atividades, produtos e servi\u00e7os atrav\u00e9s deste site. A totalidade dos conte\u00fados das p\u00e1ginas de nosso Site s\u00e3o propriedade exclusiva e excludente do IVI. Ficam reservados todos os direitos de propriedade industrial e intelectual. O acesso aos conte\u00fados do Site n\u00e3o implica a concess\u00e3o da licen\u00e7a de uso dos direitos\u00a0 indicados pelo que, salvo autoriza\u00e7\u00e3o expressa e escrita por parte dos titulares -IVI Buenos Aires S.A. fica proibida sua reprodu\u00e7\u00e3o, modifica\u00e7\u00e3o, distribui\u00e7\u00e3o ou comunica\u00e7\u00e3o p\u00fablica de acordo com a Legisla\u00e7\u00e3o argentina em vigor.<\/p>\n<p>Todo link utilizado neste\u00a0 Site se proporciona para o uso e a comodidade do visitante. A exist\u00eancia de um link, n\u00e3o necessariamente constitui uma aprova\u00e7\u00e3o ou recomenda\u00e7\u00e3o do mesmo, nem de que a referida Web tenha rela\u00e7\u00e3o alguma com o IVI. \u00c9 responsabilidade do usu\u00e1rio tomar suas pr\u00f3prias decis\u00f5es a respeito de se a informa\u00e7\u00e3o de sites externos relacionados a este por meio de um link \u00e9 precisa, atual, confi\u00e1vel e correta.<\/p>\n<p>Este Site pode ser visitado desde pa\u00edses de todo mundo e como consequ\u00eancia, pode conter refer\u00eancias a servi\u00e7os do IVI que n\u00e3o s\u00e3o prestados no seu pa\u00eds. Estas refer\u00eancias n\u00e3o implicam que o IVI preste ou tenha a inten\u00e7\u00e3o de prestar tais servi\u00e7os em um determinado pa\u00eds, visto que os servi\u00e7os oferecidos depender\u00e3o da exist\u00eancia da Cl\u00ednica, de sua oferta de servi\u00e7os e da legisla\u00e7\u00e3o do pa\u00eds em que est\u00e1 localizada. Para todos os efeitos este Site encontra-se submetido \u00e0 legisla\u00e7\u00e3o da Argentina e aos Tribunais Ordin\u00e1rios da Cidade de Buenos Aires.<\/p>\n<p>IVI poder\u00e1 modificar estes Termos e Condi\u00e7\u00f5es em qualquer momento fazendo p\u00fablicos no Site os termos modificados. Os termos alterados entrar\u00e3o em vigor aos 10 (dez) dias de sua publica\u00e7\u00e3o.<\/p>\n<p>O uso do site e\/ou seus servi\u00e7os implicam a aceita\u00e7\u00e3o destes Termos e Condi\u00e7\u00f5es.<\/p>\n<p><strong>Dados Pessoais<\/strong><\/p>\n<p>No marco da\u00a0 Pol\u00edtica de Privacidade, o IVI manter\u00e1 em absoluta confidencialidade a totalidade dos Dados Pessoais ministrados pelos usu\u00e1rios do Site, salvo nos casos em que a Lei de Prote\u00e7\u00e3o de Dados Pessoais permite sua divulga\u00e7\u00e3o.<\/p>\n<p>Os Dados Pessoais proporcionados pelos Usu\u00e1rios ser\u00e3o processados pelo IVI e integrados \u00e0 correspondente base autom\u00e1tica de dados das que o IVI ser\u00e1 titular e respons\u00e1vel (a \u201cBase de Dados\u201d). Atrav\u00e9s da aceita\u00e7\u00e3o dos Termos e Condi\u00e7\u00f5es e da cria\u00e7\u00e3o e\/o utiliza\u00e7\u00e3o da sua Conta, Voc\u00ea consciente de tal tratamento que ser\u00e1 utilizado para proporcionar um melhor servi\u00e7o e para realizar a\u00e7\u00f5es de marketing direito, salvo que Voc\u00ea solicite o contr\u00e1rio, sempre em cumprimento da\u00a0 Lei de Prote\u00e7\u00e3o de Dados Pessoais N\u00b0 25.326.<\/p>\n<p>Para exercer seus direitos de acesso, retifica\u00e7\u00e3o e supress\u00e3o de seus Dados Pessoais na Base de Dados, por favor comunique-se com\u00a0<a href=\"mailto:info@we-bank.net\" target=\"_blank\" rel=\"noopener\">info@we-bank.net<\/a><\/p>\n<p>O IVI adotou os n\u00edveis de seguran\u00e7a de prote\u00e7\u00e3o dos Dados Pessoais legalmente requeridos e instalou todos os meios e medidas t\u00e9cnicas ao seu alcance para evitar a perda, mau uso, altera\u00e7\u00e3o, acesso n\u00e3o autorizado e roubo dos Dados Pessoais.<\/p>\n<p><strong>Indenidade<\/strong><\/p>\n<p>O Usu\u00e1rio se compromete em forma expressa e irrevog\u00e1vel a manter absolutamente indene ao IVI e\/ou suas sociedades vinculadas, funcion\u00e1rios, diretores, administradores, representantes e empregados, com respeito a qualquer reclama\u00e7\u00e3o e\/ou processo e\/ou san\u00e7\u00e3o extrajudicial, administrativo ou judicial, iniciado por outros Usu\u00e1rios, terceiros ou por qualquer organismo nacional, municipal ou estadual, relacionado com suas atividades no Site, o cumprimento\u00a0 e\/ou incumprimento destes Termos e Condi\u00e7\u00f5es.<\/p>\n<p>O Usu\u00e1rio aceita que o uso do Site se realiza sob sua pr\u00f3pria, exclusiva e \u00fanica responsabilidade. O IVI n\u00e3o se responsabiliza por nenhum dano ou preju\u00edzo, direto ou indireto, incluindo sem nenhum tipo de limita\u00e7\u00e3o de danos produzidos pelas perdas de chance, perdas ou deterioros da informa\u00e7\u00e3o, nem pelas demoras, interrup\u00e7\u00f5es e defeitos que poder\u00e3o existir nas transmiss\u00f5es mediante a utiliza\u00e7\u00e3o do Site, assim como tampouco dos v\u00edrus ou falhas do sistema, sempre que este n\u00e3o seja imput\u00e1vel ao IVI.<\/p>\n<p>O IVI n\u00e3o se responsabilizar\u00e1 em nenhum caso dos conte\u00fados nem das opini\u00f5es expressadas pelos usu\u00e1rios atrav\u00e9s de nossos servi\u00e7os online.<\/p>\n<p>IVI fornece o conte\u00fado e os servi\u00e7os que est\u00e3o dispon\u00edveis no Site, com sujei\u00e7\u00e3o \u00e0s seguintes Condi\u00e7\u00f5es de Navega\u00e7\u00e3o (a continua\u00e7\u00e3o\u201cas Condi\u00e7\u00f5es de Navega\u00e7\u00e3o\u201d) e a Pol\u00edtica de Privacidade (a continua\u00e7\u00e3o, \u201cPol\u00edtica de Privacidade\u201d).<\/p>\n<p>Ao acessar ou usar o Site, o usu\u00e1rio reconhece que leu, entendeu e aceitou, sem limita\u00e7\u00e3o nem reserva alguma, fica obrigado pelas presentes Condi\u00e7\u00f5es de Navega\u00e7\u00e3o e pela Pol\u00edtica de Privacidade que ficam incorporadas ao Site.<\/p>\n<p>Simultaneamente, o usu\u00e1rio declara ser maior de idade e disp\u00f5e da capacidade jur\u00eddica suficiente para vincular-se pelas presentes Condi\u00e7\u00f5es de Navega\u00e7\u00e3o e pela Pol\u00edtica de Privacidade que ficam incorporadas ao Site.<\/p>\n<p>1) Obriga\u00e7\u00f5es e responsabilidades do usu\u00e1rio do Site.<\/p>\n<p>Ao acessar ou usar o Site o usu\u00e1rio dever\u00e1 respeitar as presentes Condi\u00e7\u00f5es de Navega\u00e7\u00e3o e as advert\u00eancias ou instru\u00e7\u00f5es especiais de acesso ou uso contidas no mesmo. Dever\u00e1 atuar em todo momento conforme o direito, costume e os requisitos de boa f\u00e9, com a dilig\u00eancia que corresponda \u00e0 natureza de informa\u00e7\u00e3o, declara\u00e7\u00f5es ou qualquer outro conte\u00fado ou servi\u00e7os de que se beneficie. O usu\u00e1rio n\u00e3o poder\u00e1 efetuar nenhuma altera\u00e7\u00e3o ou mudan\u00e7a na informa\u00e7\u00e3o, declara\u00e7\u00f5es ou outro conte\u00fado ou servi\u00e7os que apare\u00e7am neste Site nem prejudicar de modo algum sua integridade ou funcionamento.<\/p>\n<p>O tratamento dos dados que o usu\u00e1rio facilite ao IVI, por exemplo, seu nome ou seu endere\u00e7o de email, est\u00e1 sujeito a Pol\u00edtica de Privacidade.<\/p>\n<p>A informa\u00e7\u00e3o que o usu\u00e1rio proporcione ao IVI dever\u00e1 ser sempre fiel e exata. Se de maneira negligente ou dolosa incumprir qualquer das obriga\u00e7\u00f5es estabelecidas nas\u00a0 presentes Condi\u00e7\u00f5es de Navega\u00e7\u00e3o ou em nossa Pol\u00edtica de Privacidade, responder\u00e1 por todos os danos e preju\u00edzos que\u00a0 tal incumprimento pudesse derivar para o IVI.<\/p>\n<p>2) Declara\u00e7\u00f5es e Garantias. Limita\u00e7\u00e3o de Responsabilidade<\/p>\n<p>O conte\u00fado e servi\u00e7os oferecidos no Site t\u00eam um car\u00e1ter meramente informativo e se apresentam \u201ccomo s\u00e3o\u201d. Portanto, ao oferec\u00ea-los, o IVI n\u00e3o d\u00e1 ao usu\u00e1rio\u00a0 nenhuma garantia nem manifesta\u00e7\u00e3o em rela\u00e7\u00e3o com estas Condi\u00e7\u00f5es de Navega\u00e7\u00e3o ou com o Site, inclusive, a t\u00edtulo explicativo, garantias de comerciabilidade, aus\u00eancia de infra\u00e7\u00e3o ou idoneidade para um determinado fim, salvo na medida em que pela lei n\u00e3o possam excluir-se tais declara\u00e7\u00f5es e garantias.<\/p>\n<p>Al\u00e9m disso, os estados de conta, saldos a receber\u00a0 informados pelo IVI no Site n\u00e3o s\u00e3o liquida\u00e7\u00f5es da d\u00edvida nem podem interpretar-se como const\u00e2ncia de pagamentos realizados, sen\u00e3o que s\u00e3o indicativos, e dado que n\u00e3o se atualizam em tempo real podem n\u00e3o conter informa\u00e7\u00e3o sobre pagamentos recentes, ou novas d\u00edvidas por servi\u00e7os. Do mesmo modo,\u00a0 se incorre um erro inform\u00e1tico e se informa menor d\u00edvida a\u00a0 existente a um determinado dia, j\u00e1 seja por falta de contabiliza\u00e7\u00e3o de faturas emitidas, o uma carga de pagamentos que n\u00e3o foram realizadas, isso n\u00e3o implicar\u00e1 baixo nenhuma circunst\u00e2ncia um reconhecimento por parte do IVI, nenhuma anula\u00e7\u00e3o, remiss\u00e3o ou diferimento de pagamento. Com a finalidade de comprovar o\u00a0 real saldo da conta dever\u00e3o solicit\u00e1-lo por escrito ao seguinte e-mail:\u00a0<a href=\"mailto:info@we-bank.net\" target=\"_blank\" rel=\"noopener\">info@we-bank.net<\/a><\/p>\n<p>O usu\u00e1rio conv\u00e9m em que, nos termos m\u00e1ximos\u00a0 permitidos pela legisla\u00e7\u00e3o aplic\u00e1vel, o IVI n\u00e3o se responsabilizar\u00e1 nem responder\u00e1\u00a0 em nenhum caso de<\/p>\n<ol>\n<li aria-level=\"1\">a interrup\u00e7\u00e3o de atividade<\/li>\n<li aria-level=\"1\">os atrasos ou interrup\u00e7\u00f5es no acesso ao Site;<\/li>\n<li aria-level=\"1\">a falta de entrega, entrega err\u00f4nea, corrup\u00e7\u00e3o destrui\u00e7\u00e3o ou outra modifica\u00e7\u00e3o de dados;<\/li>\n<li aria-level=\"1\">os danos e\u00a0 preju\u00edzos de qualquer tipo derivados de operar com links a sites diferentes do Site ou de sua presen\u00e7a, neste;<\/li>\n<li aria-level=\"1\">os v\u00edrus inform\u00e1ticos, falhas ou mal funcionamento do sistema que possam produzir-se na rela\u00e7\u00e3o com o uso do Site por sua parte, inclusive mediante hiperlinks\u00a0 ou desde websites de terceiros;<\/li>\n<li aria-level=\"1\">a obriga\u00e7\u00e3o de controlar ou verificar a informa\u00e7\u00e3o, declara\u00e7\u00f5es ou qualquer outro conte\u00fado ou servi\u00e7os do Site ou de outros websites aos que possa acessar atrav\u00e9s de hiperlinks existentes no Site; ou<\/li>\n<li aria-level=\"1\">os acontecimentos que se encontram fora de nosso controle razo\u00e1vel.<\/li>\n<\/ol>\n<p>A \u00fanica obriga\u00e7\u00e3o e responsabilidade do IVI em rela\u00e7\u00e3o com o conte\u00fado do Site consiste em eliminar, o antes poss\u00edvel, a informa\u00e7\u00e3o, declara\u00e7\u00f5es ou qualquer outro conte\u00fado ou servi\u00e7os que sejam incorretos ou substitu\u00ed-los pela informa\u00e7\u00e3o, declara\u00e7\u00f5es, conte\u00fado ou servi\u00e7os corretos.<\/p>\n<p>Sempre que cumpra as obriga\u00e7\u00f5es descritas no par\u00e1grafo precedente, nem o IVI nem seus gerentes, empregados, entidades associadas ou s\u00f3cios responder\u00e3o de nenhum tipo de danos e\u00a0 preju\u00edzos no que possa o senhor(a)incurrir como consequ\u00eancia\u00a0 do uso ou acesso, ou da aus\u00eancia do uso ou acesso, do Site ou de qualquer outro ao que possa ser acessado atrav\u00e9s dos hiperlinks existentes no Site, nem de danos e preju\u00edzos de nenhum tipo que possa sofrer como consequ\u00eancia do acesso ou uso do conte\u00fado ou servi\u00e7os.<\/p>\n\t\t\t\t\t\t\t\t<\/div>\n\t\t\t\t<\/div>\n\t\t\t\t\t<\/div>\n\t\t<\/div>\n\t\t\t\t\t<\/div>\n\t\t<\/section>\n\t\t\t\t<\/div>\n\t\t","protected":false},"excerpt":{"rendered":"<p>Aviso Legal A p\u00e1gina web do Instituto Valenciano de Infertilidade\u2013 IVI, Buenos Aires, Argentina, \u2013(a partir de agora, \u201co site\u201d) \u00e9 propriedade de IVI Buenos Aires S.A. (por diante, \u201cIVI\u201d) com endere\u00e7o na Av. Del Libertador 5968, PB, Cidade de Buenos Aires, Argentina. IVI p\u00f5e \u00e0 sua disposi\u00e7\u00e3o a informa\u00e7\u00e3o sobre suas atividades, produtos e [&hellip;]<\/p>\n","protected":false},"author":474,"featured_media":0,"parent":0,"menu_order":0,"comment_status":"closed","ping_status":"closed","template":"elementor_header_footer","meta":{"_joinchat":[],"footnotes":""},"class_list":["post-1812","page","type-page","status-publish","hentry"],"yoast_head":"<!-- This site is optimized with the Yoast SEO plugin v27.2 - https:\/\/yoast.com\/product\/yoast-seo-wordpress\/ -->\n<title>Aviso legal e condi\u00e7\u00f5es | WeBank<\/title>\n<meta name=\"description\" content=\"Saiba mais sobre nossos termos e condi\u00e7\u00f5es legais no WeBank. Proteja seus direitos e obtenha informa\u00e7\u00f5es confi\u00e1veis em nosso aviso legal.\" \/>\n<meta name=\"robots\" content=\"index, follow, max-snippet:-1, max-image-preview:large, max-video-preview:-1\" \/>\n<link rel=\"canonical\" href=\"https:\/\/we-bank.net\/pt-br\/aviso-legal\/\" \/>\n<meta property=\"og:locale\" content=\"pt_BR\" \/>\n<meta property=\"og:type\" content=\"article\" \/>\n<meta property=\"og:title\" content=\"Aviso legal e condi\u00e7\u00f5es | WeBank\" \/>\n<meta property=\"og:description\" content=\"Saiba mais sobre nossos termos e condi\u00e7\u00f5es legais no WeBank. Proteja seus direitos e obtenha informa\u00e7\u00f5es confi\u00e1veis em nosso aviso legal.\" \/>\n<meta property=\"og:url\" content=\"https:\/\/we-bank.net\/pt-br\/aviso-legal\/\" \/>\n<meta property=\"og:site_name\" content=\"WeBank\" \/>\n<meta property=\"article:modified_time\" content=\"2026-04-22T18:07:35+00:00\" \/>\n<meta name=\"twitter:card\" content=\"summary_large_image\" \/>\n<meta name=\"twitter:label1\" content=\"Est. tempo de leitura\" \/>\n\t<meta name=\"twitter:data1\" content=\"7 minutos\" \/>\n<!-- \/ Yoast SEO plugin. -->","yoast_head_json":{"title":"Aviso legal e condi\u00e7\u00f5es | WeBank","description":"Saiba mais sobre nossos termos e condi\u00e7\u00f5es legais no WeBank. Proteja seus direitos e obtenha informa\u00e7\u00f5es confi\u00e1veis em nosso aviso legal.","robots":{"index":"index","follow":"follow","max-snippet":"max-snippet:-1","max-image-preview":"max-image-preview:large","max-video-preview":"max-video-preview:-1"},"canonical":"https:\/\/we-bank.net\/pt-br\/aviso-legal\/","og_locale":"pt_BR","og_type":"article","og_title":"Aviso legal e condi\u00e7\u00f5es | WeBank","og_description":"Saiba mais sobre nossos termos e condi\u00e7\u00f5es legais no WeBank. Proteja seus direitos e obtenha informa\u00e7\u00f5es confi\u00e1veis em nosso aviso legal.","og_url":"https:\/\/we-bank.net\/pt-br\/aviso-legal\/","og_site_name":"WeBank","article_modified_time":"2026-04-22T18:07:35+00:00","twitter_card":"summary_large_image","twitter_misc":{"Est. tempo de leitura":"7 minutos"},"schema":{"@context":"https:\/\/schema.org","@graph":[{"@type":"WebPage","@id":"https:\/\/we-bank.net\/pt-br\/aviso-legal\/","url":"https:\/\/we-bank.net\/pt-br\/aviso-legal\/","name":"Aviso legal e condi\u00e7\u00f5es | WeBank","isPartOf":{"@id":"https:\/\/we-bank.net\/#website"},"datePublished":"2022-07-01T18:05:32+00:00","dateModified":"2026-04-22T18:07:35+00:00","description":"Saiba mais sobre nossos termos e condi\u00e7\u00f5es legais no WeBank. Proteja seus direitos e obtenha informa\u00e7\u00f5es confi\u00e1veis em nosso aviso legal.","breadcrumb":{"@id":"https:\/\/we-bank.net\/pt-br\/aviso-legal\/#breadcrumb"},"inLanguage":"pt-BR","potentialAction":[{"@type":"ReadAction","target":["https:\/\/we-bank.net\/pt-br\/aviso-legal\/"]}]},{"@type":"BreadcrumbList","@id":"https:\/\/we-bank.net\/pt-br\/aviso-legal\/#breadcrumb","itemListElement":[{"@type":"ListItem","position":1,"name":"Portada","item":"https:\/\/we-bank.net\/"},{"@type":"ListItem","position":2,"name":"Aviso Legal"}]},{"@type":"WebSite","@id":"https:\/\/we-bank.net\/#website","url":"https:\/\/we-bank.net\/","name":"WeBank","description":"","publisher":{"@id":"https:\/\/we-bank.net\/#organization"},"potentialAction":[{"@type":"SearchAction","target":{"@type":"EntryPoint","urlTemplate":"https:\/\/we-bank.net\/?s={search_term_string}"},"query-input":{"@type":"PropertyValueSpecification","valueRequired":true,"valueName":"search_term_string"}}],"inLanguage":"pt-BR"},{"@type":"Organization","@id":"https:\/\/we-bank.net\/#organization","name":"WeBank","url":"https:\/\/we-bank.net\/","logo":{"@type":"ImageObject","inLanguage":"pt-BR","@id":"https:\/\/we-bank.net\/#\/schema\/logo\/image\/","url":"https:\/\/we-bank.net\/wp-content\/uploads\/2022\/02\/logo.png","contentUrl":"https:\/\/we-bank.net\/wp-content\/uploads\/2022\/02\/logo.png","width":314,"height":66,"caption":"WeBank"},"image":{"@id":"https:\/\/we-bank.net\/#\/schema\/logo\/image\/"}}]}},"_links":{"self":[{"href":"https:\/\/we-bank.net\/pt-br\/wp-json\/wp\/v2\/pages\/1812","targetHints":{"allow":["GET"]}}],"collection":[{"href":"https:\/\/we-bank.net\/pt-br\/wp-json\/wp\/v2\/pages"}],"about":[{"href":"https:\/\/we-bank.net\/pt-br\/wp-json\/wp\/v2\/types\/page"}],"author":[{"embeddable":true,"href":"https:\/\/we-bank.net\/pt-br\/wp-json\/wp\/v2\/users\/474"}],"replies":[{"embeddable":true,"href":"https:\/\/we-bank.net\/pt-br\/wp-json\/wp\/v2\/comments?post=1812"}],"version-history":[{"count":1,"href":"https:\/\/we-bank.net\/pt-br\/wp-json\/wp\/v2\/pages\/1812\/revisions"}],"predecessor-version":[{"id":11672,"href":"https:\/\/we-bank.net\/pt-br\/wp-json\/wp\/v2\/pages\/1812\/revisions\/11672"}],"wp:attachment":[{"href":"https:\/\/we-bank.net\/pt-br\/wp-json\/wp\/v2\/media?parent=1812"}],"curies":[{"name":"wp","href":"https:\/\/api.w.org\/{rel}","templated":true}]}}