{"id":1865,"date":"2022-06-23T10:52:14","date_gmt":"2022-06-23T13:52:14","guid":{"rendered":"https:\/\/we-bank.net\/servic%cc%a7os\/consultoria\/"},"modified":"2023-01-18T09:22:27","modified_gmt":"2023-01-18T12:22:27","slug":"consultoria","status":"publish","type":"page","link":"https:\/\/we-bank.net\/pt-br\/servic%cc%a7os\/consultoria\/","title":{"rendered":"Consultoria"},"content":{"rendered":"\t\t<div data-elementor-type=\"wp-page\" data-elementor-id=\"1865\" class=\"elementor elementor-1865 elementor-1178\" data-elementor-post-type=\"page\">\n\t\t\t\t\t\t<section class=\"elementor-section elementor-top-section elementor-element elementor-element-55d1928d elementor-section-height-min-height elementor-reverse-mobile elementor-section-boxed elementor-section-height-default elementor-section-items-middle\" data-id=\"55d1928d\" data-element_type=\"section\" id=\"hero-home\" data-settings=\"{&quot;background_background&quot;:&quot;classic&quot;}\">\n\t\t\t\t\t\t<div class=\"elementor-container elementor-column-gap-default\">\n\t\t\t\t\t<div class=\"elementor-column elementor-col-50 elementor-top-column elementor-element elementor-element-24a025bc\" data-id=\"24a025bc\" data-element_type=\"column\">\n\t\t\t<div class=\"elementor-widget-wrap elementor-element-populated\">\n\t\t\t\t\t\t<div class=\"elementor-element elementor-element-357bebb2 elementor-widget elementor-widget-heading\" data-id=\"357bebb2\" data-element_type=\"widget\" data-widget_type=\"heading.default\">\n\t\t\t\t<div class=\"elementor-widget-container\">\n\t\t\t\t\t<h1 class=\"elementor-heading-title elementor-size-default\">Servi\u00e7os de consultoria<\/h1>\t\t\t\t<\/div>\n\t\t\t\t<\/div>\n\t\t\t\t<div class=\"elementor-element elementor-element-5d704330 elementor-widget elementor-widget-text-editor\" data-id=\"5d704330\" data-element_type=\"widget\" data-widget_type=\"text-editor.default\">\n\t\t\t\t<div class=\"elementor-widget-container\">\n\t\t\t\t\t\t\t\t\tDescubra como \u00e9 a nossa filosofia de acompanhamento para assegurar o sucesso do tratamento.\t\t\t\t\t\t\t\t<\/div>\n\t\t\t\t<\/div>\n\t\t\t\t<div class=\"elementor-element elementor-element-fc75be7 elementor-mobile-align-center elementor-align-left elementor-widget elementor-widget-button\" data-id=\"fc75be7\" data-element_type=\"widget\" data-widget_type=\"button.default\">\n\t\t\t\t<div class=\"elementor-widget-container\">\n\t\t\t\t\t\t\t\t\t<div class=\"elementor-button-wrapper\">\n\t\t\t\t\t<a class=\"elementor-button elementor-button-link elementor-size-sm\" href=\"#mas-informacion\">\n\t\t\t\t\t\t<span class=\"elementor-button-content-wrapper\">\n\t\t\t\t\t\t\t\t\t<span class=\"elementor-button-text\">Mais informa\u00e7\u00e3o<\/span>\n\t\t\t\t\t<\/span>\n\t\t\t\t\t<\/a>\n\t\t\t\t<\/div>\n\t\t\t\t\t\t\t\t<\/div>\n\t\t\t\t<\/div>\n\t\t\t\t\t<\/div>\n\t\t<\/div>\n\t\t\t\t<div class=\"elementor-column elementor-col-50 elementor-top-column elementor-element elementor-element-2fd8ca76\" data-id=\"2fd8ca76\" data-element_type=\"column\">\n\t\t\t<div class=\"elementor-widget-wrap elementor-element-populated\">\n\t\t\t\t\t\t<div class=\"elementor-element elementor-element-7ffce9c6 elementor-widget elementor-widget-spacer\" data-id=\"7ffce9c6\" data-element_type=\"widget\" data-widget_type=\"spacer.default\">\n\t\t\t\t<div class=\"elementor-widget-container\">\n\t\t\t\t\t\t\t<div class=\"elementor-spacer\">\n\t\t\t<div class=\"elementor-spacer-inner\"><\/div>\n\t\t<\/div>\n\t\t\t\t\t\t<\/div>\n\t\t\t\t<\/div>\n\t\t\t\t\t<\/div>\n\t\t<\/div>\n\t\t\t\t\t<\/div>\n\t\t<\/section>\n\t\t\t\t<section class=\"elementor-section elementor-top-section elementor-element elementor-element-44668b3 bw-breadcrumb elementor-hidden-mobile elementor-section-boxed elementor-section-height-default elementor-section-height-default\" data-id=\"44668b3\" data-element_type=\"section\" data-settings=\"{&quot;background_background&quot;:&quot;gradient&quot;}\">\n\t\t\t\t\t\t<div class=\"elementor-container elementor-column-gap-default\">\n\t\t\t\t\t<div class=\"elementor-column elementor-col-100 elementor-top-column elementor-element elementor-element-25552874\" data-id=\"25552874\" data-element_type=\"column\">\n\t\t\t<div class=\"elementor-widget-wrap elementor-element-populated\">\n\t\t\t\t\t\t<div class=\"elementor-element elementor-element-9634c2a elementor-widget elementor-widget-wp-widget-bcn_widget\" data-id=\"9634c2a\" data-element_type=\"widget\" data-widget_type=\"wp-widget-bcn_widget.default\">\n\t\t\t\t<div class=\"elementor-widget-container\">\n\t\t\t\t\t<div class=\"breadcrumbs\" vocab=\"https:\/\/schema.org\/\" typeof=\"BreadcrumbList\"><span property=\"itemListElement\" typeof=\"ListItem\"><a property=\"item\" typeof=\"WebPage\" title=\"Go to WeBank.\" href=\"https:\/\/we-bank.net\/pt-br\/\" class=\"home\" ><span property=\"name\">WeBank<\/span><\/a><meta property=\"position\" content=\"1\"><\/span> &gt; <span property=\"itemListElement\" typeof=\"ListItem\"><a property=\"item\" typeof=\"WebPage\" title=\"Go to Blog.\" href=\"https:\/\/we-bank.net\/pt-br\/blog\/\" class=\"post-root post post-post\" aria-current=\"page\"><span property=\"name\">Blog<\/span><\/a><meta property=\"position\" content=\"2\"><\/span><\/div>\t\t\t\t<\/div>\n\t\t\t\t<\/div>\n\t\t\t\t\t<\/div>\n\t\t<\/div>\n\t\t\t\t\t<\/div>\n\t\t<\/section>\n\t\t\t\t<section class=\"elementor-section elementor-top-section elementor-element elementor-element-38a97eb4 elementor-section-boxed elementor-section-height-default elementor-section-height-default\" data-id=\"38a97eb4\" data-element_type=\"section\" id=\"mas-informacion\" data-settings=\"{&quot;background_background&quot;:&quot;classic&quot;}\">\n\t\t\t\t\t\t<div class=\"elementor-container elementor-column-gap-default\">\n\t\t\t\t\t<div class=\"elementor-column elementor-col-100 elementor-top-column elementor-element elementor-element-4ecf661d\" data-id=\"4ecf661d\" data-element_type=\"column\">\n\t\t\t<div class=\"elementor-widget-wrap elementor-element-populated\">\n\t\t\t\t\t\t<div class=\"elementor-element elementor-element-90c086d elementor-widget elementor-widget-heading\" data-id=\"90c086d\" data-element_type=\"widget\" data-widget_type=\"heading.default\">\n\t\t\t\t<div class=\"elementor-widget-container\">\n\t\t\t\t\t<h2 class=\"elementor-heading-title elementor-size-default\">Em que consiste o servi\u00e7o de consultoria <\/h2>\t\t\t\t<\/div>\n\t\t\t\t<\/div>\n\t\t\t\t<div class=\"elementor-element elementor-element-1d546e20 elementor-widget elementor-widget-text-editor\" data-id=\"1d546e20\" data-element_type=\"widget\" data-widget_type=\"text-editor.default\">\n\t\t\t\t<div class=\"elementor-widget-container\">\n\t\t\t\t\t\t\t\t\t<p>No <b>WeBank<\/b> trabalhamos focados em conseguir que os pacientes conquistem o  seu sonho de formar uma fam\u00edlia. Para cumpri-lo, um  dos nossos pilares \u00e9 o servi\u00e7o de consultoria integrada. Esta a\u00e7\u00e3o \u00e9  muito importante porque nos permite colaborar e assessorar de maneira pertinente os laborat\u00f3rios dos centros de Reprodu\u00e7\u00e3o assistida que solicitam nosso servi\u00e7o, capacitando seus embriologistas. <\/p>\t\t\t\t\t\t\t\t<\/div>\n\t\t\t\t<\/div>\n\t\t\t\t<div class=\"elementor-element elementor-element-3c6dcb1b elementor-widget elementor-widget-heading\" data-id=\"3c6dcb1b\" data-element_type=\"widget\" data-widget_type=\"heading.default\">\n\t\t\t\t<div class=\"elementor-widget-container\">\n\t\t\t\t\t<h2 class=\"elementor-heading-title elementor-size-default\">Para quem se destina nossa consultoria?<\/h2>\t\t\t\t<\/div>\n\t\t\t\t<\/div>\n\t\t\t\t<section class=\"elementor-section elementor-inner-section elementor-element elementor-element-d664e44 elementor-section-boxed elementor-section-height-default elementor-section-height-default\" data-id=\"d664e44\" data-element_type=\"section\">\n\t\t\t\t\t\t<div class=\"elementor-container elementor-column-gap-default\">\n\t\t\t\t\t<div class=\"elementor-column elementor-col-33 elementor-inner-column elementor-element elementor-element-ac6e868\" data-id=\"ac6e868\" data-element_type=\"column\">\n\t\t\t<div class=\"elementor-widget-wrap elementor-element-populated\">\n\t\t\t\t\t\t<div class=\"elementor-element elementor-element-f75df35 elementor-widget elementor-widget-text-editor\" data-id=\"f75df35\" data-element_type=\"widget\" data-widget_type=\"text-editor.default\">\n\t\t\t\t<div class=\"elementor-widget-container\">\n\t\t\t\t\t\t\t\t\tNosso trabalho consiste em oferecer capacita\u00e7\u00e3o e forma\u00e7\u00e3o principalmente a embriologistas que trabalham no laborat\u00f3rio da cl\u00ednica receptora especializada em sa\u00fade reprodutiva. \t\t\t\t\t\t\t\t<\/div>\n\t\t\t\t<\/div>\n\t\t\t\t\t<\/div>\n\t\t<\/div>\n\t\t\t\t<div class=\"elementor-column elementor-col-33 elementor-inner-column elementor-element elementor-element-0df4688\" data-id=\"0df4688\" data-element_type=\"column\">\n\t\t\t<div class=\"elementor-widget-wrap elementor-element-populated\">\n\t\t\t\t\t\t<div class=\"elementor-element elementor-element-82e8ce5 elementor-widget elementor-widget-text-editor\" data-id=\"82e8ce5\" data-element_type=\"widget\" data-widget_type=\"text-editor.default\">\n\t\t\t\t<div class=\"elementor-widget-container\">\n\t\t\t\t\t\t\t\t\tDurante o primeiro envio de \u00f3vulos doados, a equipe qualificada do WeBank pode acompanhar os embriologistas de uma cl\u00ednica receptora no descongelamento e posterior insemina\u00e7\u00e3o dos o\u00f3citos. \t\t\t\t\t\t\t\t<\/div>\n\t\t\t\t<\/div>\n\t\t\t\t\t<\/div>\n\t\t<\/div>\n\t\t\t\t<div class=\"elementor-column elementor-col-33 elementor-inner-column elementor-element elementor-element-2ce69e4\" data-id=\"2ce69e4\" data-element_type=\"column\">\n\t\t\t<div class=\"elementor-widget-wrap elementor-element-populated\">\n\t\t\t\t\t\t<div class=\"elementor-element elementor-element-02d32f9 elementor-widget elementor-widget-text-editor\" data-id=\"02d32f9\" data-element_type=\"widget\" data-widget_type=\"text-editor.default\">\n\t\t\t\t<div class=\"elementor-widget-container\">\n\t\t\t\t\t\t\t\t\tEntretanto, a consultoria que o WEBANK oferece \u00e9 ampla e n\u00e3o se centra somente no laborat\u00f3rio. Al\u00e9m disso, oferecemos assessoria a m\u00e9dicos, enfermeiras e auxiliares envolvidos no gerenciamento do programa de doadores de uma cl\u00ednica, etc.\r\n\t\t\t\t\t\t\t\t<\/div>\n\t\t\t\t<\/div>\n\t\t\t\t\t<\/div>\n\t\t<\/div>\n\t\t\t\t\t<\/div>\n\t\t<\/section>\n\t\t\t\t<section class=\"elementor-section elementor-inner-section elementor-element elementor-element-f5c13b2 elementor-section-boxed elementor-section-height-default elementor-section-height-default\" data-id=\"f5c13b2\" data-element_type=\"section\">\n\t\t\t\t\t\t<div class=\"elementor-container elementor-column-gap-default\">\n\t\t\t\t\t<div class=\"elementor-column elementor-col-50 elementor-inner-column elementor-element elementor-element-da8fb59\" data-id=\"da8fb59\" data-element_type=\"column\">\n\t\t\t<div class=\"elementor-widget-wrap elementor-element-populated\">\n\t\t\t\t\t\t<div class=\"elementor-element elementor-element-75af11b elementor-widget elementor-widget-text-editor\" data-id=\"75af11b\" data-element_type=\"widget\" data-widget_type=\"text-editor.default\">\n\t\t\t\t<div class=\"elementor-widget-container\">\n\t\t\t\t\t\t\t\t\t<h3>Acompanhamento passo a passo<\/h3>\r\nO servi\u00e7o de consultoria costuma estar liderado por embriologistas e m\u00e9dicos s\u00eanior; e consiste em acompanhar os distintos processos passo a passo, para marcar pontos de melhoria, caso necess\u00e1rio.\r\n\r\n\u00c9 um processo que deve ser feito de forma presencial e preferentemente na cl\u00ednica de destino. Caso n\u00e3o possa ser feito, WeBank tamb\u00e9m abre suas portas para que os embriologistas e m\u00e9dicos externos visitem nossas instala\u00e7\u00f5es e repassem os processos com a equipe.\t\t\t\t\t\t\t\t<\/div>\n\t\t\t\t<\/div>\n\t\t\t\t\t<\/div>\n\t\t<\/div>\n\t\t\t\t<div class=\"elementor-column elementor-col-50 elementor-inner-column elementor-element elementor-element-a7c68f1\" data-id=\"a7c68f1\" data-element_type=\"column\">\n\t\t\t<div class=\"elementor-widget-wrap elementor-element-populated\">\n\t\t\t\t\t\t<div class=\"elementor-element elementor-element-25d86ba elementor-widget elementor-widget-text-editor\" data-id=\"25d86ba\" data-element_type=\"widget\" data-widget_type=\"text-editor.default\">\n\t\t\t\t<div class=\"elementor-widget-container\">\n\t\t\t\t\t\t\t\t\t<h3>Como se concretiza a consultoria?<\/h3>\r\nO primeiro que deve ser mencionado \u00e9 que a consultoria n\u00e3o \u00e9 obrigat\u00f3ria e s\u00f3 se realiza se a cl\u00ednica de destino o considerar conveniente.\r\n\r\nMas, no caso de realiza\u00e7\u00e3o, se pratica da seguinte forma:\r\n<ol>\r\n \t<li>Um embriologista de WeBank passa um dia inteiro na cl\u00ednica que realizar\u00e1 a desvitrifica\u00e7\u00e3o dos ov\u00f3citos com o objetivo de observar e demonstrar.<\/li>\r\n \t<li>Isto quer dizer que por um lado, se observa como est\u00e3o realizando os procedimentos por parte dos embriologistas na cl\u00ednica de destino; enquanto que por outro se sugerem pontos de mudan\u00e7as e melhorias.<\/li>\r\n \t<li>Finalmente, o embriologista que oferece a capacita\u00e7\u00e3o ou consultora demonstra como \u00e9 o trabalho realizando um procedimento real in situ.<\/li>\r\n<\/ol>\t\t\t\t\t\t\t\t<\/div>\n\t\t\t\t<\/div>\n\t\t\t\t\t<\/div>\n\t\t<\/div>\n\t\t\t\t\t<\/div>\n\t\t<\/section>\n\t\t\t\t<div class=\"elementor-element elementor-element-51fc867 elementor-widget elementor-widget-heading\" data-id=\"51fc867\" data-element_type=\"widget\" data-widget_type=\"heading.default\">\n\t\t\t\t<div class=\"elementor-widget-container\">\n\t\t\t\t\t<h2 class=\"elementor-heading-title elementor-size-default\">Nosso objetivo<\/h2>\t\t\t\t<\/div>\n\t\t\t\t<\/div>\n\t\t\t\t<section class=\"elementor-section elementor-inner-section elementor-element elementor-element-7fdecf76 elementor-section-boxed elementor-section-height-default elementor-section-height-default\" data-id=\"7fdecf76\" data-element_type=\"section\">\n\t\t\t\t\t\t<div class=\"elementor-container elementor-column-gap-default\">\n\t\t\t\t\t<div class=\"elementor-column elementor-col-33 elementor-inner-column elementor-element elementor-element-4c943b2f\" data-id=\"4c943b2f\" data-element_type=\"column\">\n\t\t\t<div class=\"elementor-widget-wrap elementor-element-populated\">\n\t\t\t\t\t\t<div class=\"elementor-element elementor-element-5d0210e0 elementor-widget elementor-widget-text-editor\" data-id=\"5d0210e0\" data-element_type=\"widget\" data-widget_type=\"text-editor.default\">\n\t\t\t\t<div class=\"elementor-widget-container\">\n\t\t\t\t\t\t\t\t\t<p>Trabalhamos arduamente para contribuir, como banco, que o tratamento de OvoDoa\u00e7\u00e3o que ser\u00e1 realizado no futuro pela cl\u00ednica receptora seja eficiente, confi\u00e1vel e bem-sucedido.<\/p>\t\t\t\t\t\t\t\t<\/div>\n\t\t\t\t<\/div>\n\t\t\t\t\t<\/div>\n\t\t<\/div>\n\t\t\t\t<div class=\"elementor-column elementor-col-33 elementor-inner-column elementor-element elementor-element-7e9682e9\" data-id=\"7e9682e9\" data-element_type=\"column\">\n\t\t\t<div class=\"elementor-widget-wrap elementor-element-populated\">\n\t\t\t\t\t\t<div class=\"elementor-element elementor-element-4b7bd096 elementor-widget elementor-widget-text-editor\" data-id=\"4b7bd096\" data-element_type=\"widget\" data-widget_type=\"text-editor.default\">\n\t\t\t\t<div class=\"elementor-widget-container\">\n\t\t\t\t\t\t\t\t\tQueremos ser uma ponte segura ou melhor, a solu\u00e7\u00e3o para a sa\u00fade reprodutiva no Brasil que muitos pacientes estavam buscando para tornar realidade o sonho de formar uma fam\u00edlia. Para alcan\u00e7\u00e1-lo contamos com tecnologia de ponta, excelentes profissionais e um amplo banco de doadores.\t\t\t\t\t\t\t\t<\/div>\n\t\t\t\t<\/div>\n\t\t\t\t\t<\/div>\n\t\t<\/div>\n\t\t\t\t<div class=\"elementor-column elementor-col-33 elementor-inner-column elementor-element elementor-element-823527f\" data-id=\"823527f\" data-element_type=\"column\">\n\t\t\t<div class=\"elementor-widget-wrap elementor-element-populated\">\n\t\t\t\t\t\t<div class=\"elementor-element elementor-element-24053125 elementor-widget elementor-widget-text-editor\" data-id=\"24053125\" data-element_type=\"widget\" data-widget_type=\"text-editor.default\">\n\t\t\t\t<div class=\"elementor-widget-container\">\n\t\t\t\t\t\t\t\t\tIsto, somado aos nossos resultados e o servi\u00e7o integral que oferecemos, nos permitiu ser reconhecidos como o banco de gametas e embri\u00f5es l\u00edder na Am\u00e9rica Latina.\t\t\t\t\t\t\t\t<\/div>\n\t\t\t\t<\/div>\n\t\t\t\t\t<\/div>\n\t\t<\/div>\n\t\t\t\t\t<\/div>\n\t\t<\/section>\n\t\t\t\t<div class=\"elementor-element elementor-element-c96a12f elementor-widget elementor-widget-heading\" data-id=\"c96a12f\" data-element_type=\"widget\" data-widget_type=\"heading.default\">\n\t\t\t\t<div class=\"elementor-widget-container\">\n\t\t\t\t\t<h2 class=\"elementor-heading-title elementor-size-default\">Por que \u00e9 importante contratar uma consultoria?<\/h2>\t\t\t\t<\/div>\n\t\t\t\t<\/div>\n\t\t\t\t<section class=\"elementor-section elementor-inner-section elementor-element elementor-element-fd12d3d elementor-section-boxed elementor-section-height-default elementor-section-height-default\" data-id=\"fd12d3d\" data-element_type=\"section\">\n\t\t\t\t\t\t<div class=\"elementor-container elementor-column-gap-default\">\n\t\t\t\t\t<div class=\"elementor-column elementor-col-50 elementor-inner-column elementor-element elementor-element-aad28b5\" data-id=\"aad28b5\" data-element_type=\"column\">\n\t\t\t<div class=\"elementor-widget-wrap elementor-element-populated\">\n\t\t\t\t\t\t<div class=\"elementor-element elementor-element-d5b7df4 elementor-widget elementor-widget-text-editor\" data-id=\"d5b7df4\" data-element_type=\"widget\" data-widget_type=\"text-editor.default\">\n\t\t\t\t<div class=\"elementor-widget-container\">\n\t\t\t\t\t\t\t\t\t<p>As consultorias representam um rico aprendizado, especialmente para os laborat\u00f3rios em crescimento.<\/p><p>Cabe destacar que os centros de Reprodu\u00e7\u00e3o Assistida t\u00eam uma grande carga de trabalho t\u00e9cnico manual em seus procedimentos, e que as dicas de laborat\u00f3rio s\u00f3 podem ser compartilhadas no local (hands on).<\/p>\t\t\t\t\t\t\t\t<\/div>\n\t\t\t\t<\/div>\n\t\t\t\t\t<\/div>\n\t\t<\/div>\n\t\t\t\t<div class=\"elementor-column elementor-col-50 elementor-inner-column elementor-element elementor-element-bb7387c\" data-id=\"bb7387c\" data-element_type=\"column\">\n\t\t\t<div class=\"elementor-widget-wrap elementor-element-populated\">\n\t\t\t\t\t\t<div class=\"elementor-element elementor-element-bc1b57a elementor-widget elementor-widget-text-editor\" data-id=\"bc1b57a\" data-element_type=\"widget\" data-widget_type=\"text-editor.default\">\n\t\t\t\t<div class=\"elementor-widget-container\">\n\t\t\t\t\t\t\t\t\tTendo em conta isto, a perman\u00eancia de um de nossos embriologistas nas instala\u00e7\u00f5es da cl\u00ednica receptora contribui informa\u00e7\u00e3o e experi\u00eancia n\u00e3o somente nos processos relacionados ao descongelamento de ov\u00f3citos, bem como pode ser estendido ao planejamento reprodutivo gerado a partir de nossos \u00f3vulos. \t\t\t\t\t\t\t\t<\/div>\n\t\t\t\t<\/div>\n\t\t\t\t\t<\/div>\n\t\t<\/div>\n\t\t\t\t\t<\/div>\n\t\t<\/section>\n\t\t\t\t\t<\/div>\n\t\t<\/div>\n\t\t\t\t\t<\/div>\n\t\t<\/section>\n\t\t\t\t<\/div>\n\t\t","protected":false},"excerpt":{"rendered":"<p>Servi\u00e7os de consultoria Descubra como \u00e9 a nossa filosofia de acompanhamento para assegurar o sucesso do tratamento. Mais informa\u00e7\u00e3o Em que consiste o servi\u00e7o de consultoria No WeBank trabalhamos focados em conseguir que os pacientes conquistem o seu sonho de formar uma fam\u00edlia. Para cumpri-lo, um dos nossos pilares \u00e9 o servi\u00e7o de consultoria integrada. [&hellip;]<\/p>\n","protected":false},"author":474,"featured_media":0,"parent":1863,"menu_order":0,"comment_status":"closed","ping_status":"closed","template":"elementor_header_footer","meta":{"_joinchat":[],"footnotes":""},"class_list":["post-1865","page","type-page","status-publish","hentry"],"yoast_head":"<!-- This site is optimized with the Yoast SEO plugin v27.2 - https:\/\/yoast.com\/product\/yoast-seo-wordpress\/ -->\n<title>Consultoria em Sa\u00fade Reprodutiva | WeBank<\/title>\n<meta name=\"description\" content=\"Descubra a nossa filosofia de acompanhamento onde trabalhamos com bi\u00f3logos e embriologistas para garantir o sucesso dos tratamentos.\" \/>\n<meta name=\"robots\" content=\"index, follow, max-snippet:-1, max-image-preview:large, max-video-preview:-1\" \/>\n<link rel=\"canonical\" href=\"https:\/\/we-bank.net\/pt-br\/servic\u0327os\/consultoria\/\" \/>\n<meta property=\"og:locale\" content=\"pt_BR\" \/>\n<meta property=\"og:type\" content=\"article\" \/>\n<meta property=\"og:title\" content=\"Consultoria em Sa\u00fade Reprodutiva | WeBank\" \/>\n<meta property=\"og:description\" content=\"Descubra a nossa filosofia de acompanhamento onde trabalhamos com bi\u00f3logos e embriologistas para garantir o sucesso dos tratamentos.\" \/>\n<meta property=\"og:url\" content=\"https:\/\/we-bank.net\/pt-br\/servic\u0327os\/consultoria\/\" \/>\n<meta property=\"og:site_name\" content=\"WeBank\" \/>\n<meta property=\"article:modified_time\" content=\"2023-01-18T12:22:27+00:00\" \/>\n<meta name=\"twitter:card\" content=\"summary_large_image\" \/>\n<meta name=\"twitter:label1\" content=\"Est. tempo de leitura\" \/>\n\t<meta name=\"twitter:data1\" content=\"4 minutos\" \/>\n<!-- \/ Yoast SEO plugin. -->","yoast_head_json":{"title":"Consultoria em Sa\u00fade Reprodutiva | WeBank","description":"Descubra a nossa filosofia de acompanhamento onde trabalhamos com bi\u00f3logos e embriologistas para garantir o sucesso dos tratamentos.","robots":{"index":"index","follow":"follow","max-snippet":"max-snippet:-1","max-image-preview":"max-image-preview:large","max-video-preview":"max-video-preview:-1"},"canonical":"https:\/\/we-bank.net\/pt-br\/servic\u0327os\/consultoria\/","og_locale":"pt_BR","og_type":"article","og_title":"Consultoria em Sa\u00fade Reprodutiva | WeBank","og_description":"Descubra a nossa filosofia de acompanhamento onde trabalhamos com bi\u00f3logos e embriologistas para garantir o sucesso dos tratamentos.","og_url":"https:\/\/we-bank.net\/pt-br\/servic\u0327os\/consultoria\/","og_site_name":"WeBank","article_modified_time":"2023-01-18T12:22:27+00:00","twitter_card":"summary_large_image","twitter_misc":{"Est. tempo de leitura":"4 minutos"},"schema":{"@context":"https:\/\/schema.org","@graph":[{"@type":"WebPage","@id":"https:\/\/we-bank.net\/pt-br\/servic%cc%a7os\/consultoria\/","url":"https:\/\/we-bank.net\/pt-br\/servic%cc%a7os\/consultoria\/","name":"Consultoria em Sa\u00fade Reprodutiva | WeBank","isPartOf":{"@id":"https:\/\/we-bank.net\/#website"},"datePublished":"2022-06-23T13:52:14+00:00","dateModified":"2023-01-18T12:22:27+00:00","description":"Descubra a nossa filosofia de acompanhamento onde trabalhamos com bi\u00f3logos e embriologistas para garantir o sucesso dos tratamentos.","breadcrumb":{"@id":"https:\/\/we-bank.net\/pt-br\/servic%cc%a7os\/consultoria\/#breadcrumb"},"inLanguage":"pt-BR","potentialAction":[{"@type":"ReadAction","target":["https:\/\/we-bank.net\/pt-br\/servic%cc%a7os\/consultoria\/"]}]},{"@type":"BreadcrumbList","@id":"https:\/\/we-bank.net\/pt-br\/servic%cc%a7os\/consultoria\/#breadcrumb","itemListElement":[{"@type":"ListItem","position":1,"name":"Portada","item":"https:\/\/we-bank.net\/"},{"@type":"ListItem","position":2,"name":"Servic\u0327os","item":"https:\/\/we-bank.net\/pt-br\/servic%cc%a7os\/"},{"@type":"ListItem","position":3,"name":"Consultoria"}]},{"@type":"WebSite","@id":"https:\/\/we-bank.net\/#website","url":"https:\/\/we-bank.net\/","name":"WeBank","description":"","publisher":{"@id":"https:\/\/we-bank.net\/#organization"},"potentialAction":[{"@type":"SearchAction","target":{"@type":"EntryPoint","urlTemplate":"https:\/\/we-bank.net\/?s={search_term_string}"},"query-input":{"@type":"PropertyValueSpecification","valueRequired":true,"valueName":"search_term_string"}}],"inLanguage":"pt-BR"},{"@type":"Organization","@id":"https:\/\/we-bank.net\/#organization","name":"WeBank","url":"https:\/\/we-bank.net\/","logo":{"@type":"ImageObject","inLanguage":"pt-BR","@id":"https:\/\/we-bank.net\/#\/schema\/logo\/image\/","url":"https:\/\/we-bank.net\/wp-content\/uploads\/2022\/02\/logo.png","contentUrl":"https:\/\/we-bank.net\/wp-content\/uploads\/2022\/02\/logo.png","width":314,"height":66,"caption":"WeBank"},"image":{"@id":"https:\/\/we-bank.net\/#\/schema\/logo\/image\/"}}]}},"_links":{"self":[{"href":"https:\/\/we-bank.net\/pt-br\/wp-json\/wp\/v2\/pages\/1865","targetHints":{"allow":["GET"]}}],"collection":[{"href":"https:\/\/we-bank.net\/pt-br\/wp-json\/wp\/v2\/pages"}],"about":[{"href":"https:\/\/we-bank.net\/pt-br\/wp-json\/wp\/v2\/types\/page"}],"author":[{"embeddable":true,"href":"https:\/\/we-bank.net\/pt-br\/wp-json\/wp\/v2\/users\/474"}],"replies":[{"embeddable":true,"href":"https:\/\/we-bank.net\/pt-br\/wp-json\/wp\/v2\/comments?post=1865"}],"version-history":[{"count":0,"href":"https:\/\/we-bank.net\/pt-br\/wp-json\/wp\/v2\/pages\/1865\/revisions"}],"up":[{"embeddable":true,"href":"https:\/\/we-bank.net\/pt-br\/wp-json\/wp\/v2\/pages\/1863"}],"wp:attachment":[{"href":"https:\/\/we-bank.net\/pt-br\/wp-json\/wp\/v2\/media?parent=1865"}],"curies":[{"name":"wp","href":"https:\/\/api.w.org\/{rel}","templated":true}]}}