{"id":1867,"date":"2022-06-23T10:33:22","date_gmt":"2022-06-23T13:33:22","guid":{"rendered":"https:\/\/we-bank.net\/servic%cc%a7os\/lab2lab\/"},"modified":"2023-01-18T09:21:25","modified_gmt":"2023-01-18T12:21:25","slug":"lab2lab","status":"publish","type":"page","link":"https:\/\/we-bank.net\/pt-br\/servic%cc%a7os\/lab2lab\/","title":{"rendered":"Lab2Lab"},"content":{"rendered":"\t\t<div data-elementor-type=\"wp-page\" data-elementor-id=\"1867\" class=\"elementor elementor-1867 elementor-1168\" data-elementor-post-type=\"page\">\n\t\t\t\t\t\t<section class=\"elementor-section elementor-top-section elementor-element elementor-element-7bf2adf3 elementor-section-height-min-height elementor-reverse-mobile elementor-section-boxed elementor-section-height-default elementor-section-items-middle\" data-id=\"7bf2adf3\" data-element_type=\"section\" id=\"hero-home\" data-settings=\"{&quot;background_background&quot;:&quot;classic&quot;}\">\n\t\t\t\t\t\t<div class=\"elementor-container elementor-column-gap-default\">\n\t\t\t\t\t<div class=\"elementor-column elementor-col-50 elementor-top-column elementor-element elementor-element-7d125abd\" data-id=\"7d125abd\" data-element_type=\"column\">\n\t\t\t<div class=\"elementor-widget-wrap elementor-element-populated\">\n\t\t\t\t\t\t<div class=\"elementor-element elementor-element-ade0bb9 elementor-widget elementor-widget-heading\" data-id=\"ade0bb9\" data-element_type=\"widget\" data-widget_type=\"heading.default\">\n\t\t\t\t<div class=\"elementor-widget-container\">\n\t\t\t\t\t<h1 class=\"elementor-heading-title elementor-size-default\">Lab2Lab<\/h1>\t\t\t\t<\/div>\n\t\t\t\t<\/div>\n\t\t\t\t<div class=\"elementor-element elementor-element-59bc8e6c elementor-widget elementor-widget-text-editor\" data-id=\"59bc8e6c\" data-element_type=\"widget\" data-widget_type=\"text-editor.default\">\n\t\t\t\t<div class=\"elementor-widget-container\">\n\t\t\t\t\t\t\t\t\tConhe\u00e7a como se realiza o transporte de \u00f3vulos do nosso banco, at\u00e9 chegar \u00e0 cl\u00ednica onde ser\u00e3o utilizados.\t\t\t\t\t\t\t\t<\/div>\n\t\t\t\t<\/div>\n\t\t\t\t<div class=\"elementor-element elementor-element-a36e8be elementor-mobile-align-center elementor-align-left elementor-widget elementor-widget-button\" data-id=\"a36e8be\" data-element_type=\"widget\" data-widget_type=\"button.default\">\n\t\t\t\t<div class=\"elementor-widget-container\">\n\t\t\t\t\t\t\t\t\t<div class=\"elementor-button-wrapper\">\n\t\t\t\t\t<a class=\"elementor-button elementor-button-link elementor-size-sm\" href=\"#mas-informacion\">\n\t\t\t\t\t\t<span class=\"elementor-button-content-wrapper\">\n\t\t\t\t\t\t\t\t\t<span class=\"elementor-button-text\">Mais informa\u00e7\u00e3o<\/span>\n\t\t\t\t\t<\/span>\n\t\t\t\t\t<\/a>\n\t\t\t\t<\/div>\n\t\t\t\t\t\t\t\t<\/div>\n\t\t\t\t<\/div>\n\t\t\t\t\t<\/div>\n\t\t<\/div>\n\t\t\t\t<div class=\"elementor-column elementor-col-50 elementor-top-column elementor-element elementor-element-74345b59\" data-id=\"74345b59\" data-element_type=\"column\">\n\t\t\t<div class=\"elementor-widget-wrap elementor-element-populated\">\n\t\t\t\t\t\t<div class=\"elementor-element elementor-element-f09b9e6 elementor-widget elementor-widget-spacer\" data-id=\"f09b9e6\" data-element_type=\"widget\" data-widget_type=\"spacer.default\">\n\t\t\t\t<div class=\"elementor-widget-container\">\n\t\t\t\t\t\t\t<div class=\"elementor-spacer\">\n\t\t\t<div class=\"elementor-spacer-inner\"><\/div>\n\t\t<\/div>\n\t\t\t\t\t\t<\/div>\n\t\t\t\t<\/div>\n\t\t\t\t\t<\/div>\n\t\t<\/div>\n\t\t\t\t\t<\/div>\n\t\t<\/section>\n\t\t\t\t<section class=\"elementor-section elementor-top-section elementor-element elementor-element-4b6c52b3 bw-breadcrumb elementor-hidden-mobile elementor-section-boxed elementor-section-height-default elementor-section-height-default\" data-id=\"4b6c52b3\" data-element_type=\"section\" data-settings=\"{&quot;background_background&quot;:&quot;gradient&quot;}\">\n\t\t\t\t\t\t<div class=\"elementor-container elementor-column-gap-default\">\n\t\t\t\t\t<div class=\"elementor-column elementor-col-100 elementor-top-column elementor-element elementor-element-7ca0c512\" data-id=\"7ca0c512\" data-element_type=\"column\">\n\t\t\t<div class=\"elementor-widget-wrap elementor-element-populated\">\n\t\t\t\t\t\t<div class=\"elementor-element elementor-element-3d402724 elementor-widget elementor-widget-wp-widget-bcn_widget\" data-id=\"3d402724\" data-element_type=\"widget\" data-widget_type=\"wp-widget-bcn_widget.default\">\n\t\t\t\t<div class=\"elementor-widget-container\">\n\t\t\t\t\t<div class=\"breadcrumbs\" vocab=\"https:\/\/schema.org\/\" typeof=\"BreadcrumbList\"><span property=\"itemListElement\" typeof=\"ListItem\"><a property=\"item\" typeof=\"WebPage\" title=\"Go to WeBank.\" href=\"https:\/\/we-bank.net\/pt-br\/\" class=\"home\" ><span property=\"name\">WeBank<\/span><\/a><meta property=\"position\" content=\"1\"><\/span> &gt; <span property=\"itemListElement\" typeof=\"ListItem\"><a property=\"item\" typeof=\"WebPage\" title=\"Go to Blog.\" href=\"https:\/\/we-bank.net\/pt-br\/blog\/\" class=\"post-root post post-post\" aria-current=\"page\"><span property=\"name\">Blog<\/span><\/a><meta property=\"position\" content=\"2\"><\/span><\/div>\t\t\t\t<\/div>\n\t\t\t\t<\/div>\n\t\t\t\t\t<\/div>\n\t\t<\/div>\n\t\t\t\t\t<\/div>\n\t\t<\/section>\n\t\t\t\t<section class=\"elementor-section elementor-top-section elementor-element elementor-element-df8e67a elementor-section-boxed elementor-section-height-default elementor-section-height-default\" data-id=\"df8e67a\" data-element_type=\"section\" id=\"mas-informacion\" data-settings=\"{&quot;background_background&quot;:&quot;classic&quot;}\">\n\t\t\t\t\t\t<div class=\"elementor-container elementor-column-gap-default\">\n\t\t\t\t\t<div class=\"elementor-column elementor-col-100 elementor-top-column elementor-element elementor-element-fc3bf9a\" data-id=\"fc3bf9a\" data-element_type=\"column\">\n\t\t\t<div class=\"elementor-widget-wrap elementor-element-populated\">\n\t\t\t\t\t\t<div class=\"elementor-element elementor-element-4fefdadd elementor-widget elementor-widget-heading\" data-id=\"4fefdadd\" data-element_type=\"widget\" data-widget_type=\"heading.default\">\n\t\t\t\t<div class=\"elementor-widget-container\">\n\t\t\t\t\t<h2 class=\"elementor-heading-title elementor-size-default\">Garantimos que os \u00f3vulos cheguem at\u00e9 a cl\u00ednica de destino<\/h2>\t\t\t\t<\/div>\n\t\t\t\t<\/div>\n\t\t\t\t<div class=\"elementor-element elementor-element-1f3e6deb elementor-widget elementor-widget-text-editor\" data-id=\"1f3e6deb\" data-element_type=\"widget\" data-widget_type=\"text-editor.default\">\n\t\t\t\t<div class=\"elementor-widget-container\">\n\t\t\t\t\t\t\t\t\t<p>No <b>WeBank<\/b> cuidamos de cada detalhe do processo. Garantimos um servi\u00e7o lab2lab a partir do nosso banco de \u00f3vulos at\u00e9 a cl\u00ednica onde se realizar\u00e1 o tratamento de Reprodu\u00e7\u00e3o Assistida.<\/p>\t\t\t\t\t\t\t\t<\/div>\n\t\t\t\t<\/div>\n\t\t\t\t<div class=\"elementor-element elementor-element-c235843 elementor-widget elementor-widget-heading\" data-id=\"c235843\" data-element_type=\"widget\" data-widget_type=\"heading.default\">\n\t\t\t\t<div class=\"elementor-widget-container\">\n\t\t\t\t\t<h2 class=\"elementor-heading-title elementor-size-default\">Em que consiste nosso servi\u00e7o Lab2Lab?<\/h2>\t\t\t\t<\/div>\n\t\t\t\t<\/div>\n\t\t\t\t<section class=\"elementor-section elementor-inner-section elementor-element elementor-element-3014f199 elementor-section-boxed elementor-section-height-default elementor-section-height-default\" data-id=\"3014f199\" data-element_type=\"section\">\n\t\t\t\t\t\t<div class=\"elementor-container elementor-column-gap-default\">\n\t\t\t\t\t<div class=\"elementor-column elementor-col-25 elementor-inner-column elementor-element elementor-element-46b1e4ea\" data-id=\"46b1e4ea\" data-element_type=\"column\">\n\t\t\t<div class=\"elementor-widget-wrap elementor-element-populated\">\n\t\t\t\t\t\t<div class=\"elementor-element elementor-element-661f16b2 elementor-widget elementor-widget-text-editor\" data-id=\"661f16b2\" data-element_type=\"widget\" data-widget_type=\"text-editor.default\">\n\t\t\t\t<div class=\"elementor-widget-container\">\n\t\t\t\t\t\t\t\t\tCada passo que damos no WeBank est\u00e1 rigorosamente supervisionado a fim de garantir o sucesso do procedimento. Desde a sele\u00e7\u00e3o da doadora e o matching com os pacientes, at\u00e9 o transporte dos \u00f3vulos, gra\u00e7as ao nosso servi\u00e7o lab2lab.\t\t\t\t\t\t\t\t<\/div>\n\t\t\t\t<\/div>\n\t\t\t\t\t<\/div>\n\t\t<\/div>\n\t\t\t\t<div class=\"elementor-column elementor-col-25 elementor-inner-column elementor-element elementor-element-321e2b4b\" data-id=\"321e2b4b\" data-element_type=\"column\">\n\t\t\t<div class=\"elementor-widget-wrap elementor-element-populated\">\n\t\t\t\t\t\t<div class=\"elementor-element elementor-element-243efbf1 elementor-widget elementor-widget-text-editor\" data-id=\"243efbf1\" data-element_type=\"widget\" data-widget_type=\"text-editor.default\">\n\t\t\t\t<div class=\"elementor-widget-container\">\n\t\t\t\t\t\t\t\t\tComo fazemos o transporte de embri\u00f5es? Os ov\u00f3citos criopreservados s\u00e3o preparados e logo acompanhados de perto pela equipe qualificada e especializada; de fato, esta equipe se encarrega do transporte de embri\u00f5es congelados, da transfer\u00eancia e de fazer as gest\u00f5es aduaneiras correspondentes.\t\t\t\t\t\t\t\t<\/div>\n\t\t\t\t<\/div>\n\t\t\t\t\t<\/div>\n\t\t<\/div>\n\t\t\t\t<div class=\"elementor-column elementor-col-25 elementor-inner-column elementor-element elementor-element-36464655\" data-id=\"36464655\" data-element_type=\"column\">\n\t\t\t<div class=\"elementor-widget-wrap elementor-element-populated\">\n\t\t\t\t\t\t<div class=\"elementor-element elementor-element-f20f9f3 elementor-widget elementor-widget-text-editor\" data-id=\"f20f9f3\" data-element_type=\"widget\" data-widget_type=\"text-editor.default\">\n\t\t\t\t<div class=\"elementor-widget-container\">\n\t\t\t\t\t\t\t\t\tOs tanques onde s\u00e3o transferidos os \u00f3vulos devem estar a uma determinada temperatura (-196\u00baC), a qual se mant\u00e9m durante todo o trajeto devido os tanques de transporte conterem nitrog\u00eanio absorvido.\r\n\t\t\t\t\t\t\t\t<\/div>\n\t\t\t\t<\/div>\n\t\t\t\t\t<\/div>\n\t\t<\/div>\n\t\t\t\t<div class=\"elementor-column elementor-col-25 elementor-inner-column elementor-element elementor-element-d7fdd5c\" data-id=\"d7fdd5c\" data-element_type=\"column\">\n\t\t\t<div class=\"elementor-widget-wrap elementor-element-populated\">\n\t\t\t\t\t\t<div class=\"elementor-element elementor-element-f1c0056 elementor-widget elementor-widget-text-editor\" data-id=\"f1c0056\" data-element_type=\"widget\" data-widget_type=\"text-editor.default\">\n\t\t\t\t<div class=\"elementor-widget-container\">\n\t\t\t\t\t\t\t\t\tAinda assim, um data logger anexado aos tanques permite fazer o acompanhamento cont\u00ednuo da temperatura e ter um controle da mesma. \r\n\t\t\t\t\t\t\t\t<\/div>\n\t\t\t\t<\/div>\n\t\t\t\t\t<\/div>\n\t\t<\/div>\n\t\t\t\t\t<\/div>\n\t\t<\/section>\n\t\t\t\t\t<\/div>\n\t\t<\/div>\n\t\t\t\t\t<\/div>\n\t\t<\/section>\n\t\t\t\t<section class=\"elementor-section elementor-top-section elementor-element elementor-element-727297b0 elementor-section-boxed elementor-section-height-default elementor-section-height-default\" data-id=\"727297b0\" data-element_type=\"section\">\n\t\t\t\t\t\t<div class=\"elementor-container elementor-column-gap-default\">\n\t\t\t\t\t<div class=\"elementor-column elementor-col-100 elementor-top-column elementor-element elementor-element-57d48e4b\" data-id=\"57d48e4b\" data-element_type=\"column\">\n\t\t\t<div class=\"elementor-widget-wrap elementor-element-populated\">\n\t\t\t\t\t\t<section class=\"elementor-section elementor-inner-section elementor-element elementor-element-4047e6e2 elementor-section-content-middle elementor-section-boxed elementor-section-height-default elementor-section-height-default\" data-id=\"4047e6e2\" data-element_type=\"section\">\n\t\t\t\t\t\t<div class=\"elementor-container elementor-column-gap-default\">\n\t\t\t\t\t<div class=\"elementor-column elementor-col-50 elementor-inner-column elementor-element elementor-element-ba8c44b\" data-id=\"ba8c44b\" data-element_type=\"column\">\n\t\t\t<div class=\"elementor-widget-wrap elementor-element-populated\">\n\t\t\t\t\t\t<div class=\"elementor-element elementor-element-587783a1 elementor-widget elementor-widget-image\" data-id=\"587783a1\" data-element_type=\"widget\" data-widget_type=\"image.default\">\n\t\t\t\t<div class=\"elementor-widget-container\">\n\t\t\t\t\t\t\t\t\t\t\t\t\t\t\t<img fetchpriority=\"high\" decoding=\"async\" width=\"736\" height=\"245\" src=\"https:\/\/we-bank.net\/wp-content\/uploads\/2022\/06\/Servicios-lab2lab.jpg\" class=\"attachment-full size-full wp-image-1164\" alt=\"\" srcset=\"https:\/\/we-bank.net\/wp-content\/uploads\/2022\/06\/Servicios-lab2lab.jpg 736w, https:\/\/we-bank.net\/wp-content\/uploads\/2022\/06\/Servicios-lab2lab-600x200.jpg 600w, https:\/\/we-bank.net\/wp-content\/uploads\/2022\/06\/Servicios-lab2lab-300x100.jpg 300w\" sizes=\"(max-width: 736px) 100vw, 736px\" \/>\t\t\t\t\t\t\t\t\t\t\t\t\t\t\t<\/div>\n\t\t\t\t<\/div>\n\t\t\t\t\t<\/div>\n\t\t<\/div>\n\t\t\t\t<div class=\"elementor-column elementor-col-50 elementor-inner-column elementor-element elementor-element-28bd8ab9\" data-id=\"28bd8ab9\" data-element_type=\"column\">\n\t\t\t<div class=\"elementor-widget-wrap elementor-element-populated\">\n\t\t\t\t\t\t<div class=\"elementor-element elementor-element-46dfeb91 elementor-widget elementor-widget-heading\" data-id=\"46dfeb91\" data-element_type=\"widget\" data-widget_type=\"heading.default\">\n\t\t\t\t<div class=\"elementor-widget-container\">\n\t\t\t\t\t<h3 class=\"elementor-heading-title elementor-size-default\">A quem se destina o Lab2Lab<\/h3>\t\t\t\t<\/div>\n\t\t\t\t<\/div>\n\t\t\t\t<div class=\"elementor-element elementor-element-37ee1619 elementor-widget elementor-widget-text-editor\" data-id=\"37ee1619\" data-element_type=\"widget\" data-widget_type=\"text-editor.default\">\n\t\t\t\t<div class=\"elementor-widget-container\">\n\t\t\t\t\t\t\t\t\t<p>O servi\u00e7o est\u00e1 destinado tanto aos pacientes que ser\u00e3o submetidos a tratamentos de Reprodu\u00e7\u00e3o Assistida quanto \u00e0s cl\u00ednicas onde se realizam estes procedimentos.<br \/>Com Lab2Lab nos encarregamos que os ov\u00f3citos que saem da WeBank e cheguem ao pa\u00eds e sejam recebidos em seu destino pela equipe especializada.<\/p>\t\t\t\t\t\t\t\t<\/div>\n\t\t\t\t<\/div>\n\t\t\t\t\t<\/div>\n\t\t<\/div>\n\t\t\t\t\t<\/div>\n\t\t<\/section>\n\t\t\t\t\t<\/div>\n\t\t<\/div>\n\t\t\t\t\t<\/div>\n\t\t<\/section>\n\t\t\t\t<\/div>\n\t\t","protected":false},"excerpt":{"rendered":"<p>Lab2Lab Conhe\u00e7a como se realiza o transporte de \u00f3vulos do nosso banco, at\u00e9 chegar \u00e0 cl\u00ednica onde ser\u00e3o utilizados. Mais informa\u00e7\u00e3o Garantimos que os \u00f3vulos cheguem at\u00e9 a cl\u00ednica de destino No WeBank cuidamos de cada detalhe do processo. Garantimos um servi\u00e7o lab2lab a partir do nosso banco de \u00f3vulos at\u00e9 a cl\u00ednica onde se [&hellip;]<\/p>\n","protected":false},"author":474,"featured_media":0,"parent":1863,"menu_order":0,"comment_status":"closed","ping_status":"closed","template":"elementor_header_footer","meta":{"_joinchat":[],"footnotes":""},"class_list":["post-1867","page","type-page","status-publish","hentry"],"yoast_head":"<!-- This site is optimized with the Yoast SEO plugin v27.2 - https:\/\/yoast.com\/product\/yoast-seo-wordpress\/ -->\n<title>Transporte de Ovos com Lab2Lab | WeBank<\/title>\n<meta name=\"description\" content=\"Conhe\u00e7a o nosso servi\u00e7o Lab2Lab, respons\u00e1vel pelo transporte dos \u00f3vulos do nosso banco at\u00e9 a cl\u00ednica onde ser\u00e3o utilizados.\" \/>\n<meta name=\"robots\" content=\"index, follow, max-snippet:-1, max-image-preview:large, max-video-preview:-1\" \/>\n<link rel=\"canonical\" href=\"https:\/\/we-bank.net\/pt-br\/servic\u0327os\/lab2lab\/\" \/>\n<meta property=\"og:locale\" content=\"pt_BR\" \/>\n<meta property=\"og:type\" content=\"article\" \/>\n<meta property=\"og:title\" content=\"Transporte de Ovos com Lab2Lab | WeBank\" \/>\n<meta property=\"og:description\" content=\"Conhe\u00e7a o nosso servi\u00e7o Lab2Lab, respons\u00e1vel pelo transporte dos \u00f3vulos do nosso banco at\u00e9 a cl\u00ednica onde ser\u00e3o utilizados.\" \/>\n<meta property=\"og:url\" content=\"https:\/\/we-bank.net\/pt-br\/servic\u0327os\/lab2lab\/\" \/>\n<meta property=\"og:site_name\" content=\"WeBank\" \/>\n<meta property=\"article:modified_time\" content=\"2023-01-18T12:21:25+00:00\" \/>\n<meta property=\"og:image\" content=\"https:\/\/we-bank.net\/wp-content\/uploads\/2022\/06\/Servicios-lab2lab.jpg\" \/>\n<meta name=\"twitter:card\" content=\"summary_large_image\" \/>\n<meta name=\"twitter:label1\" content=\"Est. tempo de leitura\" \/>\n\t<meta name=\"twitter:data1\" content=\"2 minutos\" \/>\n<!-- \/ Yoast SEO plugin. -->","yoast_head_json":{"title":"Transporte de Ovos com Lab2Lab | WeBank","description":"Conhe\u00e7a o nosso servi\u00e7o Lab2Lab, respons\u00e1vel pelo transporte dos \u00f3vulos do nosso banco at\u00e9 a cl\u00ednica onde ser\u00e3o utilizados.","robots":{"index":"index","follow":"follow","max-snippet":"max-snippet:-1","max-image-preview":"max-image-preview:large","max-video-preview":"max-video-preview:-1"},"canonical":"https:\/\/we-bank.net\/pt-br\/servic\u0327os\/lab2lab\/","og_locale":"pt_BR","og_type":"article","og_title":"Transporte de Ovos com Lab2Lab | WeBank","og_description":"Conhe\u00e7a o nosso servi\u00e7o Lab2Lab, respons\u00e1vel pelo transporte dos \u00f3vulos do nosso banco at\u00e9 a cl\u00ednica onde ser\u00e3o utilizados.","og_url":"https:\/\/we-bank.net\/pt-br\/servic\u0327os\/lab2lab\/","og_site_name":"WeBank","article_modified_time":"2023-01-18T12:21:25+00:00","og_image":[{"url":"https:\/\/we-bank.net\/wp-content\/uploads\/2022\/06\/Servicios-lab2lab.jpg","type":"","width":"","height":""}],"twitter_card":"summary_large_image","twitter_misc":{"Est. tempo de leitura":"2 minutos"},"schema":{"@context":"https:\/\/schema.org","@graph":[{"@type":"WebPage","@id":"https:\/\/we-bank.net\/pt-br\/servic%cc%a7os\/lab2lab\/","url":"https:\/\/we-bank.net\/pt-br\/servic%cc%a7os\/lab2lab\/","name":"Transporte de Ovos com Lab2Lab | WeBank","isPartOf":{"@id":"https:\/\/we-bank.net\/#website"},"primaryImageOfPage":{"@id":"https:\/\/we-bank.net\/pt-br\/servic%cc%a7os\/lab2lab\/#primaryimage"},"image":{"@id":"https:\/\/we-bank.net\/pt-br\/servic%cc%a7os\/lab2lab\/#primaryimage"},"thumbnailUrl":"https:\/\/we-bank.net\/wp-content\/uploads\/2022\/06\/Servicios-lab2lab.jpg","datePublished":"2022-06-23T13:33:22+00:00","dateModified":"2023-01-18T12:21:25+00:00","description":"Conhe\u00e7a o nosso servi\u00e7o Lab2Lab, respons\u00e1vel pelo transporte dos \u00f3vulos do nosso banco at\u00e9 a cl\u00ednica onde ser\u00e3o utilizados.","breadcrumb":{"@id":"https:\/\/we-bank.net\/pt-br\/servic%cc%a7os\/lab2lab\/#breadcrumb"},"inLanguage":"pt-BR","potentialAction":[{"@type":"ReadAction","target":["https:\/\/we-bank.net\/pt-br\/servic%cc%a7os\/lab2lab\/"]}]},{"@type":"ImageObject","inLanguage":"pt-BR","@id":"https:\/\/we-bank.net\/pt-br\/servic%cc%a7os\/lab2lab\/#primaryimage","url":"https:\/\/we-bank.net\/wp-content\/uploads\/2022\/06\/Servicios-lab2lab.jpg","contentUrl":"https:\/\/we-bank.net\/wp-content\/uploads\/2022\/06\/Servicios-lab2lab.jpg"},{"@type":"BreadcrumbList","@id":"https:\/\/we-bank.net\/pt-br\/servic%cc%a7os\/lab2lab\/#breadcrumb","itemListElement":[{"@type":"ListItem","position":1,"name":"Portada","item":"https:\/\/we-bank.net\/"},{"@type":"ListItem","position":2,"name":"Servic\u0327os","item":"https:\/\/we-bank.net\/pt-br\/servic%cc%a7os\/"},{"@type":"ListItem","position":3,"name":"Lab2Lab"}]},{"@type":"WebSite","@id":"https:\/\/we-bank.net\/#website","url":"https:\/\/we-bank.net\/","name":"WeBank","description":"","publisher":{"@id":"https:\/\/we-bank.net\/#organization"},"potentialAction":[{"@type":"SearchAction","target":{"@type":"EntryPoint","urlTemplate":"https:\/\/we-bank.net\/?s={search_term_string}"},"query-input":{"@type":"PropertyValueSpecification","valueRequired":true,"valueName":"search_term_string"}}],"inLanguage":"pt-BR"},{"@type":"Organization","@id":"https:\/\/we-bank.net\/#organization","name":"WeBank","url":"https:\/\/we-bank.net\/","logo":{"@type":"ImageObject","inLanguage":"pt-BR","@id":"https:\/\/we-bank.net\/#\/schema\/logo\/image\/","url":"https:\/\/we-bank.net\/wp-content\/uploads\/2022\/02\/logo.png","contentUrl":"https:\/\/we-bank.net\/wp-content\/uploads\/2022\/02\/logo.png","width":314,"height":66,"caption":"WeBank"},"image":{"@id":"https:\/\/we-bank.net\/#\/schema\/logo\/image\/"}}]}},"_links":{"self":[{"href":"https:\/\/we-bank.net\/pt-br\/wp-json\/wp\/v2\/pages\/1867","targetHints":{"allow":["GET"]}}],"collection":[{"href":"https:\/\/we-bank.net\/pt-br\/wp-json\/wp\/v2\/pages"}],"about":[{"href":"https:\/\/we-bank.net\/pt-br\/wp-json\/wp\/v2\/types\/page"}],"author":[{"embeddable":true,"href":"https:\/\/we-bank.net\/pt-br\/wp-json\/wp\/v2\/users\/474"}],"replies":[{"embeddable":true,"href":"https:\/\/we-bank.net\/pt-br\/wp-json\/wp\/v2\/comments?post=1867"}],"version-history":[{"count":0,"href":"https:\/\/we-bank.net\/pt-br\/wp-json\/wp\/v2\/pages\/1867\/revisions"}],"up":[{"embeddable":true,"href":"https:\/\/we-bank.net\/pt-br\/wp-json\/wp\/v2\/pages\/1863"}],"wp:attachment":[{"href":"https:\/\/we-bank.net\/pt-br\/wp-json\/wp\/v2\/media?parent=1867"}],"curies":[{"name":"wp","href":"https:\/\/api.w.org\/{rel}","templated":true}]}}