{"id":1874,"date":"2022-06-22T09:24:37","date_gmt":"2022-06-22T12:24:37","guid":{"rendered":"https:\/\/we-bank.net\/nossas-doadoras\/processo-de-matching\/"},"modified":"2023-12-04T15:58:41","modified_gmt":"2023-12-04T18:58:41","slug":"processo-de-matching","status":"publish","type":"page","link":"https:\/\/we-bank.net\/pt-br\/nossas-doadoras\/processo-de-matching\/","title":{"rendered":"Processo de Matching"},"content":{"rendered":"\t\t<div data-elementor-type=\"wp-page\" data-elementor-id=\"1874\" class=\"elementor elementor-1874 elementor-1074\" data-elementor-post-type=\"page\">\n\t\t\t\t\t\t<section class=\"elementor-section elementor-top-section elementor-element elementor-element-6010f173 elementor-section-height-min-height elementor-reverse-mobile elementor-section-boxed elementor-section-height-default elementor-section-items-middle\" data-id=\"6010f173\" data-element_type=\"section\" id=\"hero-home\" data-settings=\"{&quot;background_background&quot;:&quot;classic&quot;}\">\n\t\t\t\t\t\t<div class=\"elementor-container elementor-column-gap-default\">\n\t\t\t\t\t<div class=\"elementor-column elementor-col-50 elementor-top-column elementor-element elementor-element-828a4c6\" data-id=\"828a4c6\" data-element_type=\"column\">\n\t\t\t<div class=\"elementor-widget-wrap elementor-element-populated\">\n\t\t\t\t\t\t<div class=\"elementor-element elementor-element-31bbc3b2 elementor-widget elementor-widget-heading\" data-id=\"31bbc3b2\" data-element_type=\"widget\" data-widget_type=\"heading.default\">\n\t\t\t\t<div class=\"elementor-widget-container\">\n\t\t\t\t\t<h1 class=\"elementor-heading-title elementor-size-default\">Processo de Matching<\/h1>\t\t\t\t<\/div>\n\t\t\t\t<\/div>\n\t\t\t\t<div class=\"elementor-element elementor-element-51a6923 elementor-widget elementor-widget-text-editor\" data-id=\"51a6923\" data-element_type=\"widget\" data-widget_type=\"text-editor.default\">\n\t\t\t\t<div class=\"elementor-widget-container\">\n\t\t\t\t\t\t\t\t\t<p>No <b>WeBank<\/b> implementamos m\u00e9todos e processos que nos permitem escolher a melhor doadora de \u00f3vulos para voc\u00ea. Conhe\u00e7a-os!<\/p>\t\t\t\t\t\t\t\t<\/div>\n\t\t\t\t<\/div>\n\t\t\t\t<div class=\"elementor-element elementor-element-f63a16b elementor-mobile-align-center elementor-align-left elementor-widget elementor-widget-button\" data-id=\"f63a16b\" data-element_type=\"widget\" data-widget_type=\"button.default\">\n\t\t\t\t<div class=\"elementor-widget-container\">\n\t\t\t\t\t\t\t\t\t<div class=\"elementor-button-wrapper\">\n\t\t\t\t\t<a class=\"elementor-button elementor-button-link elementor-size-sm\" href=\"#mas-informacion\">\n\t\t\t\t\t\t<span class=\"elementor-button-content-wrapper\">\n\t\t\t\t\t\t\t\t\t<span class=\"elementor-button-text\">Mais informa\u00e7\u00e3o<\/span>\n\t\t\t\t\t<\/span>\n\t\t\t\t\t<\/a>\n\t\t\t\t<\/div>\n\t\t\t\t\t\t\t\t<\/div>\n\t\t\t\t<\/div>\n\t\t\t\t\t<\/div>\n\t\t<\/div>\n\t\t\t\t<div class=\"elementor-column elementor-col-50 elementor-top-column elementor-element elementor-element-636a6918\" data-id=\"636a6918\" data-element_type=\"column\">\n\t\t\t<div class=\"elementor-widget-wrap elementor-element-populated\">\n\t\t\t\t\t\t<div class=\"elementor-element elementor-element-2598d00 elementor-widget elementor-widget-spacer\" data-id=\"2598d00\" data-element_type=\"widget\" data-widget_type=\"spacer.default\">\n\t\t\t\t<div class=\"elementor-widget-container\">\n\t\t\t\t\t\t\t<div class=\"elementor-spacer\">\n\t\t\t<div class=\"elementor-spacer-inner\"><\/div>\n\t\t<\/div>\n\t\t\t\t\t\t<\/div>\n\t\t\t\t<\/div>\n\t\t\t\t\t<\/div>\n\t\t<\/div>\n\t\t\t\t\t<\/div>\n\t\t<\/section>\n\t\t\t\t<section class=\"elementor-section elementor-top-section elementor-element elementor-element-40561636 bw-breadcrumb elementor-hidden-mobile elementor-section-boxed elementor-section-height-default elementor-section-height-default\" data-id=\"40561636\" data-element_type=\"section\" data-settings=\"{&quot;background_background&quot;:&quot;gradient&quot;}\">\n\t\t\t\t\t\t<div class=\"elementor-container elementor-column-gap-default\">\n\t\t\t\t\t<div class=\"elementor-column elementor-col-100 elementor-top-column elementor-element elementor-element-379568f1\" data-id=\"379568f1\" data-element_type=\"column\">\n\t\t\t<div class=\"elementor-widget-wrap elementor-element-populated\">\n\t\t\t\t\t\t<div class=\"elementor-element elementor-element-279bd63c elementor-widget elementor-widget-wp-widget-bcn_widget\" data-id=\"279bd63c\" data-element_type=\"widget\" data-widget_type=\"wp-widget-bcn_widget.default\">\n\t\t\t\t<div class=\"elementor-widget-container\">\n\t\t\t\t\t<div class=\"breadcrumbs\" vocab=\"https:\/\/schema.org\/\" typeof=\"BreadcrumbList\"><span property=\"itemListElement\" typeof=\"ListItem\"><a property=\"item\" typeof=\"WebPage\" title=\"Go to WeBank.\" href=\"https:\/\/we-bank.net\/pt-br\/\" class=\"home\" ><span property=\"name\">WeBank<\/span><\/a><meta property=\"position\" content=\"1\"><\/span> &gt; <span property=\"itemListElement\" typeof=\"ListItem\"><a property=\"item\" typeof=\"WebPage\" title=\"Go to Blog.\" href=\"https:\/\/we-bank.net\/pt-br\/blog\/\" class=\"post-root post post-post\" aria-current=\"page\"><span property=\"name\">Blog<\/span><\/a><meta property=\"position\" content=\"2\"><\/span><\/div>\t\t\t\t<\/div>\n\t\t\t\t<\/div>\n\t\t\t\t\t<\/div>\n\t\t<\/div>\n\t\t\t\t\t<\/div>\n\t\t<\/section>\n\t\t\t\t<section class=\"elementor-section elementor-top-section elementor-element elementor-element-5c42bb9e elementor-section-boxed elementor-section-height-default elementor-section-height-default\" data-id=\"5c42bb9e\" data-element_type=\"section\" id=\"mas-informacion\" data-settings=\"{&quot;background_background&quot;:&quot;classic&quot;}\">\n\t\t\t\t\t\t<div class=\"elementor-container elementor-column-gap-default\">\n\t\t\t\t\t<div class=\"elementor-column elementor-col-100 elementor-top-column elementor-element elementor-element-15e91bbf\" data-id=\"15e91bbf\" data-element_type=\"column\">\n\t\t\t<div class=\"elementor-widget-wrap elementor-element-populated\">\n\t\t\t\t\t\t<div class=\"elementor-element elementor-element-482cf170 elementor-widget elementor-widget-heading\" data-id=\"482cf170\" data-element_type=\"widget\" data-widget_type=\"heading.default\">\n\t\t\t\t<div class=\"elementor-widget-container\">\n\t\t\t\t\t<h2 class=\"elementor-heading-title elementor-size-default\">Como trabalhamos?<\/h2>\t\t\t\t<\/div>\n\t\t\t\t<\/div>\n\t\t\t\t<div class=\"elementor-element elementor-element-4388309 elementor-widget elementor-widget-text-editor\" data-id=\"4388309\" data-element_type=\"widget\" data-widget_type=\"text-editor.default\">\n\t\t\t\t<div class=\"elementor-widget-container\">\n\t\t\t\t\t\t\t\t\t<p>No <b>WeBank<\/b> trabalhamos em conjunto com a Ci\u00eancia e os avan\u00e7os tecnol\u00f3gicos, desenvolvendo tratamentos e t\u00e9cnicas de \u00faltima gera\u00e7\u00e3o a fim de garantir o sucesso e cuidar de sua sa\u00fade reprodutiva.<\/p><p>Um destes procedimentos se chama Matching e inclui o f\u00edsico, o biom\u00e9trico e o gen\u00e9tico, para encontrar a melhor doadora para os receptores.<\/p>\t\t\t\t\t\t\t\t<\/div>\n\t\t\t\t<\/div>\n\t\t\t\t<div class=\"elementor-element elementor-element-85aa0bd elementor-widget elementor-widget-heading\" data-id=\"85aa0bd\" data-element_type=\"widget\" data-widget_type=\"heading.default\">\n\t\t\t\t<div class=\"elementor-widget-container\">\n\t\t\t\t\t<h2 class=\"elementor-heading-title elementor-size-default\">O que \u00e9  o matching?<\/h2>\t\t\t\t<\/div>\n\t\t\t\t<\/div>\n\t\t\t\t<div class=\"elementor-element elementor-element-2b6cedc elementor-widget elementor-widget-text-editor\" data-id=\"2b6cedc\" data-element_type=\"widget\" data-widget_type=\"text-editor.default\">\n\t\t\t\t<div class=\"elementor-widget-container\">\n\t\t\t\t\t\t\t\t\t<p>O matching \u00e9 a alternativa mais eficiente que se emprega para encontrar a melhor doadora de \u00f3vulos para cada paciente, atrav\u00e9s de distintas an\u00e1lises e estudos.<br \/>No <b>WeBank<\/b>, al\u00e9m de analisar o fator rh e grupo sangu\u00edneo, realizamos tamb\u00e9m o Teste de Compatibilidade Gen\u00e9tica (TCG), al\u00e9m de contamos com o servi\u00e7o de Your Match. Trata-se de um matching integral que consiste em encontrar a compatibilidade ou semelhan\u00e7a f\u00edsica, biom\u00e9trica e gen\u00e9tica entre a doadora de \u00f3vulos e os pacientes receptores. Buscando n\u00e3o somente conseguir a gravidez, mas entregar um beb\u00ea mais parecidos com os pais<\/p>\t\t\t\t\t\t\t\t<\/div>\n\t\t\t\t<\/div>\n\t\t\t\t<div class=\"elementor-element elementor-element-0f0cd7b elementor-widget elementor-widget-heading\" data-id=\"0f0cd7b\" data-element_type=\"widget\" data-widget_type=\"heading.default\">\n\t\t\t\t<div class=\"elementor-widget-container\">\n\t\t\t\t\t<h2 class=\"elementor-heading-title elementor-size-default\">Por que \u00e9 importante o Teste de Compatibilidade Gen\u00e9tica?<\/h2>\t\t\t\t<\/div>\n\t\t\t\t<\/div>\n\t\t\t\t<section class=\"elementor-section elementor-inner-section elementor-element elementor-element-146aeb1 elementor-section-boxed elementor-section-height-default elementor-section-height-default\" data-id=\"146aeb1\" data-element_type=\"section\">\n\t\t\t\t\t\t<div class=\"elementor-container elementor-column-gap-default\">\n\t\t\t\t\t<div class=\"elementor-column elementor-col-25 elementor-inner-column elementor-element elementor-element-6f07b1a\" data-id=\"6f07b1a\" data-element_type=\"column\">\n\t\t\t<div class=\"elementor-widget-wrap elementor-element-populated\">\n\t\t\t\t\t\t<div class=\"elementor-element elementor-element-e8cbde6 elementor-widget elementor-widget-text-editor\" data-id=\"e8cbde6\" data-element_type=\"widget\" data-widget_type=\"text-editor.default\">\n\t\t\t\t<div class=\"elementor-widget-container\">\n\t\t\t\t\t\t\t\t\tAs doen\u00e7as gen\u00e9ticas s\u00e3o causadas por muta\u00e7\u00f5es em nossos genes. \u00c9 sabido que aproximadamente 82% dos indiv\u00edduos s\u00e3o portadores de ao menos uma muta\u00e7\u00e3o.\t\t\t\t\t\t\t\t<\/div>\n\t\t\t\t<\/div>\n\t\t\t\t\t<\/div>\n\t\t<\/div>\n\t\t\t\t<div class=\"elementor-column elementor-col-25 elementor-inner-column elementor-element elementor-element-58fc9c9\" data-id=\"58fc9c9\" data-element_type=\"column\">\n\t\t\t<div class=\"elementor-widget-wrap elementor-element-populated\">\n\t\t\t\t\t\t<div class=\"elementor-element elementor-element-aa15977 elementor-widget elementor-widget-text-editor\" data-id=\"aa15977\" data-element_type=\"widget\" data-widget_type=\"text-editor.default\">\n\t\t\t\t<div class=\"elementor-widget-container\">\n\t\t\t\t\t\t\t\t\tO TCG que realizamos durante o processo de matching se caracteriza por ser um procedimento crucial para a reprodu\u00e7\u00e3o assistida, que permite analisar se ambos doadores de gametas t\u00eam uma mesma muta\u00e7\u00e3o. \t\t\t\t\t\t\t\t<\/div>\n\t\t\t\t<\/div>\n\t\t\t\t\t<\/div>\n\t\t<\/div>\n\t\t\t\t<div class=\"elementor-column elementor-col-25 elementor-inner-column elementor-element elementor-element-94e6993\" data-id=\"94e6993\" data-element_type=\"column\">\n\t\t\t<div class=\"elementor-widget-wrap elementor-element-populated\">\n\t\t\t\t\t\t<div class=\"elementor-element elementor-element-a8ac7cb elementor-widget elementor-widget-text-editor\" data-id=\"a8ac7cb\" data-element_type=\"widget\" data-widget_type=\"text-editor.default\">\n\t\t\t\t<div class=\"elementor-widget-container\">\n\t\t\t\t\t\t\t\t\tO processo \u00e9 muito simples; s\u00f3 deve ser realizada uma extra\u00e7\u00e3o de sangue de cada um dos progenitores. Aqui se estudam as amostras das doadoras e os pacientes receptores para detectar mais de 600 doen\u00e7as gen\u00e9ticas. \r\n\t\t\t\t\t\t\t\t<\/div>\n\t\t\t\t<\/div>\n\t\t\t\t\t<\/div>\n\t\t<\/div>\n\t\t\t\t<div class=\"elementor-column elementor-col-25 elementor-inner-column elementor-element elementor-element-fb34fbc\" data-id=\"fb34fbc\" data-element_type=\"column\">\n\t\t\t<div class=\"elementor-widget-wrap elementor-element-populated\">\n\t\t\t\t\t\t<div class=\"elementor-element elementor-element-01b825b elementor-widget elementor-widget-text-editor\" data-id=\"01b825b\" data-element_type=\"widget\" data-widget_type=\"text-editor.default\">\n\t\t\t\t<div class=\"elementor-widget-container\">\n\t\t\t\t\t\t\t\t\tDesta maneira, se identifica o risco de comprometimento para a pr\u00f3xima gera\u00e7\u00e3o e conforme  cada caso, se determina o melhor tratamento para diminuir sua transmiss\u00e3o aos beb\u00e9s. \t\t\t\t\t\t\t\t<\/div>\n\t\t\t\t<\/div>\n\t\t\t\t\t<\/div>\n\t\t<\/div>\n\t\t\t\t\t<\/div>\n\t\t<\/section>\n\t\t\t\t\t<\/div>\n\t\t<\/div>\n\t\t\t\t\t<\/div>\n\t\t<\/section>\n\t\t\t\t<\/div>\n\t\t","protected":false},"excerpt":{"rendered":"<p>Processo de Matching No WeBank implementamos m\u00e9todos e processos que nos permitem escolher a melhor doadora de \u00f3vulos para voc\u00ea. Conhe\u00e7a-os! Mais informa\u00e7\u00e3o Como trabalhamos? No WeBank trabalhamos em conjunto com a Ci\u00eancia e os avan\u00e7os tecnol\u00f3gicos, desenvolvendo tratamentos e t\u00e9cnicas de \u00faltima gera\u00e7\u00e3o a fim de garantir o sucesso e cuidar de sua sa\u00fade [&hellip;]<\/p>\n","protected":false},"author":474,"featured_media":0,"parent":1804,"menu_order":0,"comment_status":"closed","ping_status":"closed","template":"elementor_header_footer","meta":{"_joinchat":[],"footnotes":""},"class_list":["post-1874","page","type-page","status-publish","hentry"],"yoast_head":"<!-- This site is optimized with the Yoast SEO plugin v27.2 - https:\/\/yoast.com\/product\/yoast-seo-wordpress\/ -->\n<title>Processo de Matching Gen\u00e9tica | WeBank<\/title>\n<meta name=\"description\" content=\"Usamos essa t\u00e9cnica para encontrar a melhor doadora de \u00f3vulos para cada paciente, que \u00e9 a melhor alternativa hoje, saiba mais aqui.\" \/>\n<meta name=\"robots\" content=\"index, follow, max-snippet:-1, max-image-preview:large, max-video-preview:-1\" \/>\n<link rel=\"canonical\" href=\"https:\/\/we-bank.net\/nuestras-donantes\/proceso-de-matching\/\" \/>\n<meta property=\"og:locale\" content=\"pt_BR\" \/>\n<meta property=\"og:type\" content=\"article\" \/>\n<meta property=\"og:title\" content=\"Processo de Matching Gen\u00e9tica | WeBank\" \/>\n<meta property=\"og:description\" content=\"Usamos essa t\u00e9cnica para encontrar a melhor doadora de \u00f3vulos para cada paciente, que \u00e9 a melhor alternativa hoje, saiba mais aqui.\" \/>\n<meta property=\"og:url\" content=\"https:\/\/we-bank.net\/nuestras-donantes\/proceso-de-matching\/\" \/>\n<meta property=\"og:site_name\" content=\"WeBank\" \/>\n<meta property=\"article:modified_time\" content=\"2023-12-04T18:58:41+00:00\" \/>\n<meta name=\"twitter:card\" content=\"summary_large_image\" \/>\n<meta name=\"twitter:label1\" content=\"Est. tempo de leitura\" \/>\n\t<meta name=\"twitter:data1\" content=\"2 minutos\" \/>\n<!-- \/ Yoast SEO plugin. -->","yoast_head_json":{"title":"Processo de Matching Gen\u00e9tica | WeBank","description":"Usamos essa t\u00e9cnica para encontrar a melhor doadora de \u00f3vulos para cada paciente, que \u00e9 a melhor alternativa hoje, saiba mais aqui.","robots":{"index":"index","follow":"follow","max-snippet":"max-snippet:-1","max-image-preview":"max-image-preview:large","max-video-preview":"max-video-preview:-1"},"canonical":"https:\/\/we-bank.net\/nuestras-donantes\/proceso-de-matching\/","og_locale":"pt_BR","og_type":"article","og_title":"Processo de Matching Gen\u00e9tica | WeBank","og_description":"Usamos essa t\u00e9cnica para encontrar a melhor doadora de \u00f3vulos para cada paciente, que \u00e9 a melhor alternativa hoje, saiba mais aqui.","og_url":"https:\/\/we-bank.net\/nuestras-donantes\/proceso-de-matching\/","og_site_name":"WeBank","article_modified_time":"2023-12-04T18:58:41+00:00","twitter_card":"summary_large_image","twitter_misc":{"Est. tempo de leitura":"2 minutos"},"schema":{"@context":"https:\/\/schema.org","@graph":[{"@type":"WebPage","@id":"https:\/\/we-bank.net\/nuestras-donantes\/proceso-de-matching\/","url":"https:\/\/we-bank.net\/nuestras-donantes\/proceso-de-matching\/","name":"Processo de Matching Gen\u00e9tica | WeBank","isPartOf":{"@id":"https:\/\/we-bank.net\/#website"},"datePublished":"2022-06-22T12:24:37+00:00","dateModified":"2023-12-04T18:58:41+00:00","description":"Usamos essa t\u00e9cnica para encontrar a melhor doadora de \u00f3vulos para cada paciente, que \u00e9 a melhor alternativa hoje, saiba mais aqui.","breadcrumb":{"@id":"https:\/\/we-bank.net\/nuestras-donantes\/proceso-de-matching\/#breadcrumb"},"inLanguage":"pt-BR","potentialAction":[{"@type":"ReadAction","target":["https:\/\/we-bank.net\/nuestras-donantes\/proceso-de-matching\/"]}]},{"@type":"BreadcrumbList","@id":"https:\/\/we-bank.net\/nuestras-donantes\/proceso-de-matching\/#breadcrumb","itemListElement":[{"@type":"ListItem","position":1,"name":"Portada","item":"https:\/\/we-bank.net\/"},{"@type":"ListItem","position":2,"name":"Nossas doadoras","item":"https:\/\/we-bank.net\/nuestras-donantes\/"},{"@type":"ListItem","position":3,"name":"Processo de Matching"}]},{"@type":"WebSite","@id":"https:\/\/we-bank.net\/#website","url":"https:\/\/we-bank.net\/","name":"WeBank","description":"","publisher":{"@id":"https:\/\/we-bank.net\/#organization"},"potentialAction":[{"@type":"SearchAction","target":{"@type":"EntryPoint","urlTemplate":"https:\/\/we-bank.net\/?s={search_term_string}"},"query-input":{"@type":"PropertyValueSpecification","valueRequired":true,"valueName":"search_term_string"}}],"inLanguage":"pt-BR"},{"@type":"Organization","@id":"https:\/\/we-bank.net\/#organization","name":"WeBank","url":"https:\/\/we-bank.net\/","logo":{"@type":"ImageObject","inLanguage":"pt-BR","@id":"https:\/\/we-bank.net\/#\/schema\/logo\/image\/","url":"https:\/\/we-bank.net\/wp-content\/uploads\/2022\/02\/logo.png","contentUrl":"https:\/\/we-bank.net\/wp-content\/uploads\/2022\/02\/logo.png","width":314,"height":66,"caption":"WeBank"},"image":{"@id":"https:\/\/we-bank.net\/#\/schema\/logo\/image\/"}}]}},"_links":{"self":[{"href":"https:\/\/we-bank.net\/pt-br\/wp-json\/wp\/v2\/pages\/1874","targetHints":{"allow":["GET"]}}],"collection":[{"href":"https:\/\/we-bank.net\/pt-br\/wp-json\/wp\/v2\/pages"}],"about":[{"href":"https:\/\/we-bank.net\/pt-br\/wp-json\/wp\/v2\/types\/page"}],"author":[{"embeddable":true,"href":"https:\/\/we-bank.net\/pt-br\/wp-json\/wp\/v2\/users\/474"}],"replies":[{"embeddable":true,"href":"https:\/\/we-bank.net\/pt-br\/wp-json\/wp\/v2\/comments?post=1874"}],"version-history":[{"count":0,"href":"https:\/\/we-bank.net\/pt-br\/wp-json\/wp\/v2\/pages\/1874\/revisions"}],"up":[{"embeddable":true,"href":"https:\/\/we-bank.net\/pt-br\/wp-json\/wp\/v2\/pages\/1804"}],"wp:attachment":[{"href":"https:\/\/we-bank.net\/pt-br\/wp-json\/wp\/v2\/media?parent=1874"}],"curies":[{"name":"wp","href":"https:\/\/api.w.org\/{rel}","templated":true}]}}