{"id":4896,"date":"2023-12-07T15:35:12","date_gmt":"2023-12-07T18:35:12","guid":{"rendered":"https:\/\/we-bank.net\/nos-somos-webank\/profesionales\/"},"modified":"2026-01-12T13:03:18","modified_gmt":"2026-01-12T16:03:18","slug":"profissionais","status":"publish","type":"page","link":"https:\/\/we-bank.net\/pt-br\/nos-somos-webank\/profissionais\/","title":{"rendered":"Profissionais"},"content":{"rendered":"\t\t<div data-elementor-type=\"wp-page\" data-elementor-id=\"4896\" class=\"elementor elementor-4896 elementor-3436\" data-elementor-post-type=\"page\">\n\t\t\t\t\t\t<section class=\"elementor-section elementor-top-section elementor-element elementor-element-04e8afe elementor-section-height-min-height elementor-reverse-mobile elementor-section-boxed elementor-section-height-default elementor-section-items-middle\" data-id=\"04e8afe\" data-element_type=\"section\" data-settings=\"{&quot;background_background&quot;:&quot;classic&quot;}\">\n\t\t\t\t\t\t<div class=\"elementor-container elementor-column-gap-default\">\n\t\t\t\t\t<div class=\"elementor-column elementor-col-50 elementor-top-column elementor-element elementor-element-e83793f\" data-id=\"e83793f\" data-element_type=\"column\">\n\t\t\t<div class=\"elementor-widget-wrap elementor-element-populated\">\n\t\t\t\t\t\t<div class=\"elementor-element elementor-element-dd6bbc0 elementor-widget elementor-widget-heading\" data-id=\"dd6bbc0\" data-element_type=\"widget\" data-widget_type=\"heading.default\">\n\t\t\t\t<div class=\"elementor-widget-container\">\n\t\t\t\t\t<h1 class=\"elementor-heading-title elementor-size-default\">Nossos Profissionais<\/h1>\t\t\t\t<\/div>\n\t\t\t\t<\/div>\n\t\t\t\t<div class=\"elementor-element elementor-element-f4d6c8b elementor-widget elementor-widget-text-editor\" data-id=\"f4d6c8b\" data-element_type=\"widget\" data-widget_type=\"text-editor.default\">\n\t\t\t\t<div class=\"elementor-widget-container\">\n\t\t\t\t\t\t\t\t\t<p>Para que um centro de sa\u00fade se destaque como refer\u00eancia em seu campo, \u00e9 essencial integrar a tecnologia mais avan\u00e7ada, manter-se atualizado com as \u00faltimas descobertas cient\u00edficas e, acima de tudo, contar com uma equipe humana de excel\u00eancia.<\/p>\t\t\t\t\t\t\t\t<\/div>\n\t\t\t\t<\/div>\n\t\t\t\t<div class=\"elementor-element elementor-element-1deff3c elementor-mobile-align-center elementor-align-left elementor-widget elementor-widget-button\" data-id=\"1deff3c\" data-element_type=\"widget\" data-widget_type=\"button.default\">\n\t\t\t\t<div class=\"elementor-widget-container\">\n\t\t\t\t\t\t\t\t\t<div class=\"elementor-button-wrapper\">\n\t\t\t\t\t<a class=\"elementor-button elementor-button-link elementor-size-sm\" href=\"#mas-informacion\">\n\t\t\t\t\t\t<span class=\"elementor-button-content-wrapper\">\n\t\t\t\t\t\t\t\t\t<span class=\"elementor-button-text\">Mais informa\u00e7\u00f5es<\/span>\n\t\t\t\t\t<\/span>\n\t\t\t\t\t<\/a>\n\t\t\t\t<\/div>\n\t\t\t\t\t\t\t\t<\/div>\n\t\t\t\t<\/div>\n\t\t\t\t\t<\/div>\n\t\t<\/div>\n\t\t\t\t<div class=\"elementor-column elementor-col-50 elementor-top-column elementor-element elementor-element-829fea9\" data-id=\"829fea9\" data-element_type=\"column\">\n\t\t\t<div class=\"elementor-widget-wrap elementor-element-populated\">\n\t\t\t\t\t\t<div class=\"elementor-element elementor-element-81aaa42 elementor-widget elementor-widget-spacer\" data-id=\"81aaa42\" data-element_type=\"widget\" data-widget_type=\"spacer.default\">\n\t\t\t\t<div class=\"elementor-widget-container\">\n\t\t\t\t\t\t\t<div class=\"elementor-spacer\">\n\t\t\t<div class=\"elementor-spacer-inner\"><\/div>\n\t\t<\/div>\n\t\t\t\t\t\t<\/div>\n\t\t\t\t<\/div>\n\t\t\t\t\t<\/div>\n\t\t<\/div>\n\t\t\t\t\t<\/div>\n\t\t<\/section>\n\t\t\t\t<section class=\"elementor-section elementor-top-section elementor-element elementor-element-85731c5 bw-breadcrumb elementor-section-boxed elementor-section-height-default elementor-section-height-default\" data-id=\"85731c5\" data-element_type=\"section\" data-settings=\"{&quot;background_background&quot;:&quot;gradient&quot;}\">\n\t\t\t\t\t\t<div class=\"elementor-container elementor-column-gap-default\">\n\t\t\t\t\t<div class=\"elementor-column elementor-col-100 elementor-top-column elementor-element elementor-element-8cd795a\" data-id=\"8cd795a\" data-element_type=\"column\">\n\t\t\t<div class=\"elementor-widget-wrap elementor-element-populated\">\n\t\t\t\t\t\t<div class=\"elementor-element elementor-element-f377d9a elementor-widget elementor-widget-wp-widget-bcn_widget\" data-id=\"f377d9a\" data-element_type=\"widget\" data-widget_type=\"wp-widget-bcn_widget.default\">\n\t\t\t\t<div class=\"elementor-widget-container\">\n\t\t\t\t\t<div class=\"breadcrumbs\" vocab=\"https:\/\/schema.org\/\" typeof=\"BreadcrumbList\"><span property=\"itemListElement\" typeof=\"ListItem\"><a property=\"item\" typeof=\"WebPage\" title=\"Go to WeBank.\" href=\"https:\/\/we-bank.net\/pt-br\/\" class=\"home\" ><span property=\"name\">WeBank<\/span><\/a><meta property=\"position\" content=\"1\"><\/span> &gt; <span property=\"itemListElement\" typeof=\"ListItem\"><a property=\"item\" typeof=\"WebPage\" title=\"Go to Blog.\" href=\"https:\/\/we-bank.net\/pt-br\/blog\/\" class=\"post-root post post-post\" aria-current=\"page\"><span property=\"name\">Blog<\/span><\/a><meta property=\"position\" content=\"2\"><\/span><\/div>\t\t\t\t<\/div>\n\t\t\t\t<\/div>\n\t\t\t\t\t<\/div>\n\t\t<\/div>\n\t\t\t\t\t<\/div>\n\t\t<\/section>\n\t\t\t\t<section class=\"elementor-section elementor-top-section elementor-element elementor-element-421e810 elementor-section-boxed elementor-section-height-default elementor-section-height-default\" data-id=\"421e810\" data-element_type=\"section\" id=\"mas-informacion\">\n\t\t\t\t\t\t<div class=\"elementor-container elementor-column-gap-default\">\n\t\t\t\t\t<div class=\"elementor-column elementor-col-100 elementor-top-column elementor-element elementor-element-5b56905\" data-id=\"5b56905\" data-element_type=\"column\">\n\t\t\t<div class=\"elementor-widget-wrap elementor-element-populated\">\n\t\t\t\t\t\t<div class=\"elementor-element elementor-element-9bc5236 elementor-widget elementor-widget-heading\" data-id=\"9bc5236\" data-element_type=\"widget\" data-widget_type=\"heading.default\">\n\t\t\t\t<div class=\"elementor-widget-container\">\n\t\t\t\t\t<h2 class=\"elementor-heading-title elementor-size-default\">Especialistas<\/h2>\t\t\t\t<\/div>\n\t\t\t\t<\/div>\n\t\t\t\t<div class=\"elementor-element elementor-element-87bd92e elementor-widget elementor-widget-text-editor\" data-id=\"87bd92e\" data-element_type=\"widget\" data-widget_type=\"text-editor.default\">\n\t\t\t\t<div class=\"elementor-widget-container\">\n\t\t\t\t\t\t\t\t\tContar com os melhores especialistas em Medicina Reprodutiva n\u00e3o s\u00f3 traz prest\u00edgio \u00e0 nossa institui\u00e7\u00e3o, como tamb\u00e9m garante aos nossos pacientes a seguran\u00e7a de estarem sob os cuidados de profissionais altamente capacitados. Esses especialistas n\u00e3o apenas possuem uma forma\u00e7\u00e3o s\u00f3lida, mas tamb\u00e9m se mant\u00eam constantemente atualizados sobre as t\u00e9cnicas e tratamentos mais avan\u00e7ados, garantindo assim a excel\u00eancia no atendimento m\u00e9dico que oferecemos.\t\t\t\t\t\t\t\t<\/div>\n\t\t\t\t<\/div>\n\t\t\t\t<div class=\"elementor-element elementor-element-fa5b605 elementor-posts--align-center elementor-grid-4 elementor-posts--thumbnail-top elementor-grid-tablet-2 elementor-grid-mobile-1 elementor-widget elementor-widget-posts\" data-id=\"fa5b605\" data-element_type=\"widget\" data-settings=\"{&quot;custom_columns&quot;:&quot;4&quot;,&quot;custom_columns_tablet&quot;:&quot;2&quot;,&quot;custom_columns_mobile&quot;:&quot;1&quot;,&quot;custom_row_gap&quot;:{&quot;unit&quot;:&quot;px&quot;,&quot;size&quot;:35,&quot;sizes&quot;:[]},&quot;custom_row_gap_tablet&quot;:{&quot;unit&quot;:&quot;px&quot;,&quot;size&quot;:&quot;&quot;,&quot;sizes&quot;:[]},&quot;custom_row_gap_mobile&quot;:{&quot;unit&quot;:&quot;px&quot;,&quot;size&quot;:&quot;&quot;,&quot;sizes&quot;:[]}}\" data-widget_type=\"posts.custom\">\n\t\t\t\t<div class=\"elementor-widget-container\">\n\t\t\t\t\t      <div class=\"ecs-posts elementor-posts-container elementor-posts   elementor-grid elementor-posts--skin-custom\" data-settings=\"{&quot;current_page&quot;:1,&quot;max_num_pages&quot;:4,&quot;load_method&quot;:&quot;loadmore&quot;,&quot;widget_id&quot;:&quot;fa5b605&quot;,&quot;post_id&quot;:4896,&quot;theme_id&quot;:4896,&quot;change_url&quot;:false,&quot;reinit_js&quot;:false}\">\n      \t\t<article id=\"post-4916\" class=\"elementor-post elementor-grid-item ecs-post-loop post-4916 profesionales type-profesionales status-publish has-post-thumbnail hentry\">\n\t\t\t\t<div data-elementor-type=\"loop\" data-elementor-id=\"5260\" class=\"elementor elementor-5260 post-4916 profesionales type-profesionales status-publish has-post-thumbnail hentry\" data-elementor-post-type=\"elementor_library\">\n\t\t\t\t\t<section class=\"elementor-section elementor-top-section elementor-element elementor-element-db5e262 elementor-section-boxed elementor-section-height-default elementor-section-height-default\" data-id=\"db5e262\" data-element_type=\"section\">\n\t\t\t\t\t\t<div class=\"elementor-container elementor-column-gap-default\">\n\t\t\t\t\t<div class=\"elementor-column elementor-col-100 elementor-top-column elementor-element elementor-element-172c9a8\" data-id=\"172c9a8\" data-element_type=\"column\">\n\t\t\t<div class=\"elementor-widget-wrap elementor-element-populated\">\n\t\t\t\t\t\t<div class=\"elementor-element elementor-element-496c43c elementor-widget elementor-widget-theme-post-featured-image elementor-widget-image\" data-id=\"496c43c\" data-element_type=\"widget\" data-widget_type=\"theme-post-featured-image.default\">\n\t\t\t\t<div class=\"elementor-widget-container\">\n\t\t\t\t\t\t\t\t\t\t\t\t\t\t\t\t<a href=\"https:\/\/we-bank.net\/pt-br\/profissionais\/dra-natalia-basile\/\">\n\t\t\t\t\t\t\t<img decoding=\"async\" src=\"https:\/\/we-bank.net\/wp-content\/uploads\/elementor\/thumbs\/profile-basile-qgh0uacn6kfyjgfoljaja7kfz03iw2jh8kqx6ud7so.jpg\" title=\"profile-basile\" alt=\"Natalia Basile WeBank\" loading=\"lazy\" \/>\t\t\t\t\t\t\t\t<\/a>\n\t\t\t\t\t\t\t\t\t\t\t\t\t\t\t<\/div>\n\t\t\t\t<\/div>\n\t\t\t\t<div class=\"elementor-element elementor-element-254db3c pro-link elementor-widget elementor-widget-theme-post-title elementor-page-title elementor-widget-heading\" data-id=\"254db3c\" data-element_type=\"widget\" data-widget_type=\"theme-post-title.default\">\n\t\t\t\t<div class=\"elementor-widget-container\">\n\t\t\t\t\t<h3 class=\"elementor-heading-title elementor-size-default\"><a href=\"https:\/\/we-bank.net\/pt-br\/profissionais\/dra-natalia-basile\/\">Natalia Basile, PhD<\/a><\/h3>\t\t\t\t<\/div>\n\t\t\t\t<\/div>\n\t\t\t\t<div class=\"elementor-element elementor-element-0336297 elementor-widget elementor-widget-text-editor\" data-id=\"0336297\" data-element_type=\"widget\" data-widget_type=\"text-editor.default\">\n\t\t\t\t<div class=\"elementor-widget-container\">\n\t\t\t\t\t\t\t\t\tDiretora de Desenvolvimento\t\t\t\t\t\t\t\t<\/div>\n\t\t\t\t<\/div>\n\t\t\t\t\t<\/div>\n\t\t<\/div>\n\t\t\t\t\t<\/div>\n\t\t<\/section>\n\t\t\t\t<\/div>\n\t\t\t\t<\/article>\n\t\t\t\t<article id=\"post-4912\" class=\"elementor-post elementor-grid-item ecs-post-loop post-4912 profesionales type-profesionales status-publish has-post-thumbnail hentry\">\n\t\t\t\t<div data-elementor-type=\"loop\" data-elementor-id=\"5260\" class=\"elementor elementor-5260 post-4912 profesionales type-profesionales status-publish has-post-thumbnail hentry\" data-elementor-post-type=\"elementor_library\">\n\t\t\t\t\t<section class=\"elementor-section elementor-top-section elementor-element elementor-element-db5e262 elementor-section-boxed elementor-section-height-default elementor-section-height-default\" data-id=\"db5e262\" data-element_type=\"section\">\n\t\t\t\t\t\t<div class=\"elementor-container elementor-column-gap-default\">\n\t\t\t\t\t<div class=\"elementor-column elementor-col-100 elementor-top-column elementor-element elementor-element-172c9a8\" data-id=\"172c9a8\" data-element_type=\"column\">\n\t\t\t<div class=\"elementor-widget-wrap elementor-element-populated\">\n\t\t\t\t\t\t<div class=\"elementor-element elementor-element-496c43c elementor-widget elementor-widget-theme-post-featured-image elementor-widget-image\" data-id=\"496c43c\" data-element_type=\"widget\" data-widget_type=\"theme-post-featured-image.default\">\n\t\t\t\t<div class=\"elementor-widget-container\">\n\t\t\t\t\t\t\t\t\t\t\t\t\t\t\t\t<a href=\"https:\/\/we-bank.net\/pt-br\/profissionais\/dra-carolina-bouteiller\/\">\n\t\t\t\t\t\t\t<img decoding=\"async\" src=\"https:\/\/we-bank.net\/wp-content\/uploads\/elementor\/thumbs\/profesionales-Carolina-Bouteiller-qhjj0zmep5haflz5v94dwfqlv0153at480o6774szc.jpg\" title=\"profesionales-Carolina-Bouteiller\" alt=\"Carolina Bouteiller WeBank\" loading=\"lazy\" \/>\t\t\t\t\t\t\t\t<\/a>\n\t\t\t\t\t\t\t\t\t\t\t\t\t\t\t<\/div>\n\t\t\t\t<\/div>\n\t\t\t\t<div class=\"elementor-element elementor-element-254db3c pro-link elementor-widget elementor-widget-theme-post-title elementor-page-title elementor-widget-heading\" data-id=\"254db3c\" data-element_type=\"widget\" data-widget_type=\"theme-post-title.default\">\n\t\t\t\t<div class=\"elementor-widget-container\">\n\t\t\t\t\t<h3 class=\"elementor-heading-title elementor-size-default\"><a href=\"https:\/\/we-bank.net\/pt-br\/profissionais\/dra-carolina-bouteiller\/\">Dra. Carolina Bouteiller<\/a><\/h3>\t\t\t\t<\/div>\n\t\t\t\t<\/div>\n\t\t\t\t<div class=\"elementor-element elementor-element-0336297 elementor-widget elementor-widget-text-editor\" data-id=\"0336297\" data-element_type=\"widget\" data-widget_type=\"text-editor.default\">\n\t\t\t\t<div class=\"elementor-widget-container\">\n\t\t\t\t\t\t\t\t\tMedicina Reprodutiva\t\t\t\t\t\t\t\t<\/div>\n\t\t\t\t<\/div>\n\t\t\t\t\t<\/div>\n\t\t<\/div>\n\t\t\t\t\t<\/div>\n\t\t<\/section>\n\t\t\t\t<\/div>\n\t\t\t\t<\/article>\n\t\t\t\t<article id=\"post-4921\" class=\"elementor-post elementor-grid-item ecs-post-loop post-4921 profesionales type-profesionales status-publish has-post-thumbnail hentry\">\n\t\t\t\t<div data-elementor-type=\"loop\" data-elementor-id=\"5260\" class=\"elementor elementor-5260 post-4921 profesionales type-profesionales status-publish has-post-thumbnail hentry\" data-elementor-post-type=\"elementor_library\">\n\t\t\t\t\t<section class=\"elementor-section elementor-top-section elementor-element elementor-element-db5e262 elementor-section-boxed elementor-section-height-default elementor-section-height-default\" data-id=\"db5e262\" data-element_type=\"section\">\n\t\t\t\t\t\t<div class=\"elementor-container elementor-column-gap-default\">\n\t\t\t\t\t<div class=\"elementor-column elementor-col-100 elementor-top-column elementor-element elementor-element-172c9a8\" data-id=\"172c9a8\" data-element_type=\"column\">\n\t\t\t<div class=\"elementor-widget-wrap elementor-element-populated\">\n\t\t\t\t\t\t<div class=\"elementor-element elementor-element-496c43c elementor-widget elementor-widget-theme-post-featured-image elementor-widget-image\" data-id=\"496c43c\" data-element_type=\"widget\" data-widget_type=\"theme-post-featured-image.default\">\n\t\t\t\t<div class=\"elementor-widget-container\">\n\t\t\t\t\t\t\t\t\t\t\t\t\t\t\t\t<a href=\"https:\/\/we-bank.net\/pt-br\/profissionais\/dra-cintia-granados\/\">\n\t\t\t\t\t\t\t<img decoding=\"async\" src=\"https:\/\/we-bank.net\/wp-content\/uploads\/elementor\/thumbs\/profile-granados-qgh0xw2ddpdj1n79k3d1uau1y6c6eaufqerxf10vy0.jpg\" title=\"profile-granados\" alt=\"Cintia Granados WeBank\" loading=\"lazy\" \/>\t\t\t\t\t\t\t\t<\/a>\n\t\t\t\t\t\t\t\t\t\t\t\t\t\t\t<\/div>\n\t\t\t\t<\/div>\n\t\t\t\t<div class=\"elementor-element elementor-element-254db3c pro-link elementor-widget elementor-widget-theme-post-title elementor-page-title elementor-widget-heading\" data-id=\"254db3c\" data-element_type=\"widget\" data-widget_type=\"theme-post-title.default\">\n\t\t\t\t<div class=\"elementor-widget-container\">\n\t\t\t\t\t<h3 class=\"elementor-heading-title elementor-size-default\"><a href=\"https:\/\/we-bank.net\/pt-br\/profissionais\/dra-cintia-granados\/\">Dra. Cintia Granados<\/a><\/h3>\t\t\t\t<\/div>\n\t\t\t\t<\/div>\n\t\t\t\t<div class=\"elementor-element elementor-element-0336297 elementor-widget elementor-widget-text-editor\" data-id=\"0336297\" data-element_type=\"widget\" data-widget_type=\"text-editor.default\">\n\t\t\t\t<div class=\"elementor-widget-container\">\n\t\t\t\t\t\t\t\t\tMedicina Reprodutiva\t\t\t\t\t\t\t\t<\/div>\n\t\t\t\t<\/div>\n\t\t\t\t\t<\/div>\n\t\t<\/div>\n\t\t\t\t\t<\/div>\n\t\t<\/section>\n\t\t\t\t<\/div>\n\t\t\t\t<\/article>\n\t\t\t\t<article id=\"post-5410\" class=\"elementor-post elementor-grid-item ecs-post-loop post-5410 profesionales type-profesionales status-publish has-post-thumbnail hentry\">\n\t\t\t\t<div data-elementor-type=\"loop\" data-elementor-id=\"5260\" class=\"elementor elementor-5260 post-5410 profesionales type-profesionales status-publish has-post-thumbnail hentry\" data-elementor-post-type=\"elementor_library\">\n\t\t\t\t\t<section class=\"elementor-section elementor-top-section elementor-element elementor-element-db5e262 elementor-section-boxed elementor-section-height-default elementor-section-height-default\" data-id=\"db5e262\" data-element_type=\"section\">\n\t\t\t\t\t\t<div class=\"elementor-container elementor-column-gap-default\">\n\t\t\t\t\t<div class=\"elementor-column elementor-col-100 elementor-top-column elementor-element elementor-element-172c9a8\" data-id=\"172c9a8\" data-element_type=\"column\">\n\t\t\t<div class=\"elementor-widget-wrap elementor-element-populated\">\n\t\t\t\t\t\t<div class=\"elementor-element elementor-element-496c43c elementor-widget elementor-widget-theme-post-featured-image elementor-widget-image\" data-id=\"496c43c\" data-element_type=\"widget\" data-widget_type=\"theme-post-featured-image.default\">\n\t\t\t\t<div class=\"elementor-widget-container\">\n\t\t\t\t\t\t\t\t\t\t\t\t\t\t\t\t<a href=\"https:\/\/we-bank.net\/pt-br\/profissionais\/dra-andrea-petruzzi\/\">\n\t\t\t\t\t\t\t<img decoding=\"async\" src=\"https:\/\/we-bank.net\/wp-content\/uploads\/elementor\/thumbs\/Andrea-Petruzzi-qu0d98my6vslezpubnonmexat195qalnd55tk0ayt4.jpg\" title=\"Andrea-Petruzzi\" alt=\"Andrea Petruzzi WeBank\" loading=\"lazy\" \/>\t\t\t\t\t\t\t\t<\/a>\n\t\t\t\t\t\t\t\t\t\t\t\t\t\t\t<\/div>\n\t\t\t\t<\/div>\n\t\t\t\t<div class=\"elementor-element elementor-element-254db3c pro-link elementor-widget elementor-widget-theme-post-title elementor-page-title elementor-widget-heading\" data-id=\"254db3c\" data-element_type=\"widget\" data-widget_type=\"theme-post-title.default\">\n\t\t\t\t<div class=\"elementor-widget-container\">\n\t\t\t\t\t<h3 class=\"elementor-heading-title elementor-size-default\"><a href=\"https:\/\/we-bank.net\/pt-br\/profissionais\/dra-andrea-petruzzi\/\">Dra. Andrea Petruzzi<\/a><\/h3>\t\t\t\t<\/div>\n\t\t\t\t<\/div>\n\t\t\t\t<div class=\"elementor-element elementor-element-0336297 elementor-widget elementor-widget-text-editor\" data-id=\"0336297\" data-element_type=\"widget\" data-widget_type=\"text-editor.default\">\n\t\t\t\t<div class=\"elementor-widget-container\">\n\t\t\t\t\t\t\t\t\tMedicina Reprodutiva\t\t\t\t\t\t\t\t<\/div>\n\t\t\t\t<\/div>\n\t\t\t\t\t<\/div>\n\t\t<\/div>\n\t\t\t\t\t<\/div>\n\t\t<\/section>\n\t\t\t\t<\/div>\n\t\t\t\t<\/article>\n\t\t\t\t<\/div>\n\t\t\t\t<nav class=\"elementor-pagination\" role=\"navigation\" aria-label=\"Pagina\u00e7\u00e3o\">\n\t\t\t\t\t<\/nav>\n\t\t\t\t<nav class=\"elementor-button-wrapper elementor-pagination ecs-load-more-button\" data-settings=\"{&quot;loading_text&quot;:&quot;Cargando...&quot;,&quot;text&quot;:&quot;Ver mais&quot;,&quot;widget_id&quot;:&quot;fa5b605&quot;}\">\n\t\t\t<a href=\"https:\/\/we-bank.net\/pt-br\/profissionais\/dra-andrea-petruzzi\/?page=2\" class=\"elementor-button-link elementor-button \" role=\"button\">\n\t\t\t\t<span>Ver mais<\/span>\n\t\t\t<\/a>\n\t\t<\/nav>\n\t\t\t\t\t\t<\/div>\n\t\t\t\t<\/div>\n\t\t\t\t\t<\/div>\n\t\t<\/div>\n\t\t\t\t\t<\/div>\n\t\t<\/section>\n\t\t\t\t<\/div>\n\t\t","protected":false},"excerpt":{"rendered":"<p>Nossos Profissionais Para que um centro de sa\u00fade se destaque como refer\u00eancia em seu campo, \u00e9 essencial integrar a tecnologia mais avan\u00e7ada, manter-se atualizado com as \u00faltimas descobertas cient\u00edficas e, acima de tudo, contar com uma equipe humana de excel\u00eancia. Mais informa\u00e7\u00f5es Especialistas Contar com os melhores especialistas em Medicina Reprodutiva n\u00e3o s\u00f3 traz prest\u00edgio [&hellip;]<\/p>\n","protected":false},"author":474,"featured_media":0,"parent":1799,"menu_order":0,"comment_status":"closed","ping_status":"closed","template":"elementor_header_footer","meta":{"_joinchat":[],"footnotes":""},"class_list":["post-4896","page","type-page","status-publish","hentry"],"yoast_head":"<!-- This site is optimized with the Yoast SEO plugin v27.2 - https:\/\/yoast.com\/product\/yoast-seo-wordpress\/ -->\n<title>Profissionais - WeBank<\/title>\n<meta name=\"description\" content=\"Conoc\u00e9 a nuestro equipo m\u00e9dico de especialistas y profesionales en donaci\u00f3n de \u00f3vulos. El mejor equipo humano orientado a lograr el embarazo en sus pacientes.\" \/>\n<meta name=\"robots\" content=\"index, follow, max-snippet:-1, max-image-preview:large, max-video-preview:-1\" \/>\n<link rel=\"canonical\" href=\"https:\/\/we-bank.net\/pt-br\/nos-somos-webank\/profissionais\/\" \/>\n<meta property=\"og:locale\" content=\"pt_BR\" \/>\n<meta property=\"og:type\" content=\"article\" \/>\n<meta property=\"og:title\" content=\"Profissionais - WeBank\" \/>\n<meta property=\"og:description\" content=\"Conoc\u00e9 a nuestro equipo m\u00e9dico de especialistas y profesionales en donaci\u00f3n de \u00f3vulos. El mejor equipo humano orientado a lograr el embarazo en sus pacientes.\" \/>\n<meta property=\"og:url\" content=\"https:\/\/we-bank.net\/pt-br\/nos-somos-webank\/profissionais\/\" \/>\n<meta property=\"og:site_name\" content=\"WeBank\" \/>\n<meta property=\"article:modified_time\" content=\"2026-01-12T16:03:18+00:00\" \/>\n<meta name=\"twitter:card\" content=\"summary_large_image\" \/>\n<meta name=\"twitter:label1\" content=\"Est. tempo de leitura\" \/>\n\t<meta name=\"twitter:data1\" content=\"3 minutos\" \/>\n<!-- \/ Yoast SEO plugin. -->","yoast_head_json":{"title":"Profissionais - WeBank","description":"Conoc\u00e9 a nuestro equipo m\u00e9dico de especialistas y profesionales en donaci\u00f3n de \u00f3vulos. El mejor equipo humano orientado a lograr el embarazo en sus pacientes.","robots":{"index":"index","follow":"follow","max-snippet":"max-snippet:-1","max-image-preview":"max-image-preview:large","max-video-preview":"max-video-preview:-1"},"canonical":"https:\/\/we-bank.net\/pt-br\/nos-somos-webank\/profissionais\/","og_locale":"pt_BR","og_type":"article","og_title":"Profissionais - WeBank","og_description":"Conoc\u00e9 a nuestro equipo m\u00e9dico de especialistas y profesionales en donaci\u00f3n de \u00f3vulos. El mejor equipo humano orientado a lograr el embarazo en sus pacientes.","og_url":"https:\/\/we-bank.net\/pt-br\/nos-somos-webank\/profissionais\/","og_site_name":"WeBank","article_modified_time":"2026-01-12T16:03:18+00:00","twitter_card":"summary_large_image","twitter_misc":{"Est. tempo de leitura":"3 minutos"},"schema":{"@context":"https:\/\/schema.org","@graph":[{"@type":"WebPage","@id":"https:\/\/we-bank.net\/pt-br\/nos-somos-webank\/profissionais\/","url":"https:\/\/we-bank.net\/pt-br\/nos-somos-webank\/profissionais\/","name":"Profissionais - WeBank","isPartOf":{"@id":"https:\/\/we-bank.net\/#website"},"datePublished":"2023-12-07T18:35:12+00:00","dateModified":"2026-01-12T16:03:18+00:00","description":"Conoc\u00e9 a nuestro equipo m\u00e9dico de especialistas y profesionales en donaci\u00f3n de \u00f3vulos. El mejor equipo humano orientado a lograr el embarazo en sus pacientes.","breadcrumb":{"@id":"https:\/\/we-bank.net\/pt-br\/nos-somos-webank\/profissionais\/#breadcrumb"},"inLanguage":"pt-BR","potentialAction":[{"@type":"ReadAction","target":["https:\/\/we-bank.net\/pt-br\/nos-somos-webank\/profissionais\/"]}]},{"@type":"BreadcrumbList","@id":"https:\/\/we-bank.net\/pt-br\/nos-somos-webank\/profissionais\/#breadcrumb","itemListElement":[{"@type":"ListItem","position":1,"name":"Portada","item":"https:\/\/we-bank.net\/"},{"@type":"ListItem","position":2,"name":"N\u00f3s Somos WeBank","item":"https:\/\/we-bank.net\/pt-br\/nos-somos-webank\/"},{"@type":"ListItem","position":3,"name":"Profissionais"}]},{"@type":"WebSite","@id":"https:\/\/we-bank.net\/#website","url":"https:\/\/we-bank.net\/","name":"WeBank","description":"","publisher":{"@id":"https:\/\/we-bank.net\/#organization"},"potentialAction":[{"@type":"SearchAction","target":{"@type":"EntryPoint","urlTemplate":"https:\/\/we-bank.net\/?s={search_term_string}"},"query-input":{"@type":"PropertyValueSpecification","valueRequired":true,"valueName":"search_term_string"}}],"inLanguage":"pt-BR"},{"@type":"Organization","@id":"https:\/\/we-bank.net\/#organization","name":"WeBank","url":"https:\/\/we-bank.net\/","logo":{"@type":"ImageObject","inLanguage":"pt-BR","@id":"https:\/\/we-bank.net\/#\/schema\/logo\/image\/","url":"https:\/\/we-bank.net\/wp-content\/uploads\/2022\/02\/logo.png","contentUrl":"https:\/\/we-bank.net\/wp-content\/uploads\/2022\/02\/logo.png","width":314,"height":66,"caption":"WeBank"},"image":{"@id":"https:\/\/we-bank.net\/#\/schema\/logo\/image\/"}}]}},"_links":{"self":[{"href":"https:\/\/we-bank.net\/pt-br\/wp-json\/wp\/v2\/pages\/4896","targetHints":{"allow":["GET"]}}],"collection":[{"href":"https:\/\/we-bank.net\/pt-br\/wp-json\/wp\/v2\/pages"}],"about":[{"href":"https:\/\/we-bank.net\/pt-br\/wp-json\/wp\/v2\/types\/page"}],"author":[{"embeddable":true,"href":"https:\/\/we-bank.net\/pt-br\/wp-json\/wp\/v2\/users\/474"}],"replies":[{"embeddable":true,"href":"https:\/\/we-bank.net\/pt-br\/wp-json\/wp\/v2\/comments?post=4896"}],"version-history":[{"count":3,"href":"https:\/\/we-bank.net\/pt-br\/wp-json\/wp\/v2\/pages\/4896\/revisions"}],"predecessor-version":[{"id":10861,"href":"https:\/\/we-bank.net\/pt-br\/wp-json\/wp\/v2\/pages\/4896\/revisions\/10861"}],"up":[{"embeddable":true,"href":"https:\/\/we-bank.net\/pt-br\/wp-json\/wp\/v2\/pages\/1799"}],"wp:attachment":[{"href":"https:\/\/we-bank.net\/pt-br\/wp-json\/wp\/v2\/media?parent=4896"}],"curies":[{"name":"wp","href":"https:\/\/api.w.org\/{rel}","templated":true}]}}